{"id":2779,"date":"2021-04-02T16:32:12","date_gmt":"2021-04-02T14:32:12","guid":{"rendered":"https:\/\/www.brunoviaggi.it\/prenotazione-traghetti\/"},"modified":"2021-04-19T15:05:49","modified_gmt":"2021-04-19T13:05:49","slug":"faehre-buchen","status":"publish","type":"page","link":"https:\/\/www.brunoviaggi.it\/de\/faehre-buchen\/","title":{"rendered":"F\u00e4hre Buchen"},"content":{"rendered":"\t\t<div data-elementor-type=\"wp-page\" data-elementor-id=\"2779\" class=\"elementor elementor-2779 elementor-1908\">\n\t\t\t\t\t\t<section class=\"elementor-section elementor-top-section elementor-element elementor-element-7ba77016 elementor-section-boxed elementor-section-height-default elementor-section-height-default\" data-id=\"7ba77016\" data-element_type=\"section\">\n\t\t\t\t\t\t<div class=\"elementor-container elementor-column-gap-default\">\n\t\t\t\t\t<div class=\"elementor-column elementor-col-100 elementor-top-column elementor-element elementor-element-20c13538 ot-flex-column-vertical\" data-id=\"20c13538\" data-element_type=\"column\">\n\t\t\t<div class=\"elementor-widget-wrap elementor-element-populated\">\n\t\t\t\t\t\t<div class=\"elementor-element elementor-element-755e3f98 elementor-widget elementor-widget-heading\" data-id=\"755e3f98\" data-element_type=\"widget\" data-widget_type=\"heading.default\">\n\t\t\t\t<div class=\"elementor-widget-container\">\n\t\t\t\t\t<h5 class=\"elementor-heading-title elementor-size-default\">F\u00e4hre Buchen<\/h5>\t\t\t\t<\/div>\n\t\t\t\t<\/div>\n\t\t\t\t<div class=\"elementor-element elementor-element-53262dac elementor-widget elementor-widget-text-editor\" data-id=\"53262dac\" data-element_type=\"widget\" data-widget_type=\"text-editor.default\">\n\t\t\t\t<div class=\"elementor-widget-container\">\n\t\t\t\t\t\t\t\t\tNutzen Sie unsere Angebote und Erm\u00e4\u00dfigungen per Agentur und buchen Sie mit uns die F\u00e4hre zur Insel Elba.\t\t\t\t\t\t\t\t<\/div>\n\t\t\t\t<\/div>\n\t\t\t\t<div class=\"elementor-element elementor-element-1797c51 elementor-widget elementor-widget-ictf7\" data-id=\"1797c51\" data-element_type=\"widget\" data-widget_type=\"ictf7.default\">\n\t\t\t\t<div class=\"elementor-widget-container\">\n\t\t\t\t\t<div class=\"elementor-shortcode maxbizz-cf7-0\">\n<div class=\"wpcf7 no-js\" id=\"wpcf7-f2774-o1\" lang=\"it-IT\" dir=\"ltr\" data-wpcf7-id=\"2774\">\n<div class=\"screen-reader-response\"><p role=\"status\" aria-live=\"polite\" aria-atomic=\"true\"><\/p> <ul><\/ul><\/div>\n<form action=\"\/de\/wp-json\/wp\/v2\/pages\/2779#wpcf7-f2774-o1\" method=\"post\" class=\"wpcf7-form init\" aria-label=\"Modulo di contatto\" novalidate=\"novalidate\" data-status=\"init\">\n<fieldset class=\"hidden-fields-container\"><input type=\"hidden\" name=\"_wpcf7\" value=\"2774\" \/><input type=\"hidden\" name=\"_wpcf7_version\" value=\"6.1.4\" \/><input type=\"hidden\" name=\"_wpcf7_locale\" value=\"it_IT\" \/><input type=\"hidden\" name=\"_wpcf7_unit_tag\" value=\"wpcf7-f2774-o1\" \/><input type=\"hidden\" name=\"_wpcf7_container_post\" value=\"0\" \/><input type=\"hidden\" name=\"_wpcf7_posted_data_hash\" value=\"\" \/><input type=\"hidden\" name=\"_wpcf7_recaptcha_response\" value=\"\" \/>\n<\/fieldset>\n<div class=\"main-form\">\n\t<div class=\"row fortit\">\n\t\t<div class=\"col-md-12\">\n\t\t\t<h6>Hinfahrt\n\t\t\t<\/h6>\n\t\t<\/div>\n\t\t<div class=\"clearfor\">\n\t\t<\/div>\n\t<\/div>\n\t<div class=\"row forrow\">\n\t\t<div class=\"col-md-3\">\n\t\t\t<p><span class=\"wpcf7-form-control-wrap\" data-name=\"trattandata\"><select class=\"wpcf7-form-control wpcf7-select wpcf7-validates-as-required\" aria-required=\"true\" aria-invalid=\"false\" name=\"trattandata\"><option value=\"W\u00e4hlen Sie eine Route *\">W\u00e4hlen Sie eine Route *<\/option><option value=\"Piombino - Portoferraio\">Piombino - Portoferraio<\/option><option value=\"Piombino - Rio Marina\">Piombino - Rio Marina<\/option><option value=\"Piombino - Cavo\">Piombino - Cavo<\/option><option value=\"Portoferraio - Piombino\">Portoferraio - Piombino<\/option><option value=\"Rio Marina - Piombino\">Rio Marina - Piombino<\/option><option value=\"Cavo - Piombino\">Cavo - Piombino<\/option><\/select><\/span>\n\t\t\t<\/p>\n\t\t<\/div>\n\t\t<div class=\"col-md-3\">\n\t\t\t<p><span class=\"wpcf7-form-control-wrap\" data-name=\"andata\"><input size=\"40\" maxlength=\"400\" class=\"wpcf7-form-control wpcf7-text wpcf7-validates-as-required datepicker\" aria-required=\"true\" aria-invalid=\"false\" placeholder=\"Datum *\" value=\"\" type=\"text\" name=\"andata\" \/><\/span>\n\t\t\t<\/p>\n\t\t<\/div>\n\t\t<div class=\"col-md-3\">\n\t\t\t<p><span class=\"wpcf7-form-control-wrap\" data-name=\"andataora\"><input size=\"40\" maxlength=\"400\" class=\"wpcf7-form-control wpcf7-text wpcf7-validates-as-required\" aria-required=\"true\" aria-invalid=\"false\" placeholder=\"Zeit *\" value=\"\" type=\"text\" name=\"andataora\" \/><\/span>\n\t\t\t<\/p>\n\t\t<\/div>\n\t<\/div>\n\t<div class=\"row fortit\">\n\t\t<div class=\"col-md-12\">\n\t\t\t<h6>R\u00fcckfahrt\n\t\t\t<\/h6>\n\t\t<\/div>\n\t\t<div class=\"clearfor\">\n\t\t<\/div>\n\t<\/div>\n\t<div class=\"row forrow\">\n\t\t<div class=\"col-md-3\">\n\t\t\t<p><span class=\"wpcf7-form-control-wrap\" data-name=\"trattaritorno\"><select class=\"wpcf7-form-control wpcf7-select\" aria-invalid=\"false\" name=\"trattaritorno\"><option value=\"W\u00e4hlen Sie eine Route\">W\u00e4hlen Sie eine Route<\/option><option value=\"Portoferraio - Piombino\">Portoferraio - Piombino<\/option><option value=\"Rio Marina - Piombino\">Rio Marina - Piombino<\/option><option value=\"Cavo - Piombino\">Cavo - Piombino<\/option><option value=\"Piombino - Portoferraio\">Piombino - Portoferraio<\/option><option value=\"Piombino - Rio Marina\">Piombino - Rio Marina<\/option><option value=\"Piombino - Cavo\">Piombino - Cavo<\/option><\/select><\/span>\n\t\t\t<\/p>\n\t\t<\/div>\n\t\t<div class=\"col-md-3\">\n\t\t\t<p><span class=\"wpcf7-form-control-wrap\" data-name=\"ritorno\"><input size=\"40\" maxlength=\"400\" class=\"wpcf7-form-control wpcf7-text datepicker\" aria-invalid=\"false\" placeholder=\"Datum\" value=\"\" type=\"text\" name=\"ritorno\" \/><\/span>\n\t\t\t<\/p>\n\t\t<\/div>\n\t\t<div class=\"col-md-3\">\n\t\t\t<p><span class=\"wpcf7-form-control-wrap\" data-name=\"ritornoora\"><input size=\"40\" maxlength=\"400\" class=\"wpcf7-form-control wpcf7-text\" aria-invalid=\"false\" placeholder=\"Zeit\" value=\"\" type=\"text\" name=\"ritornoora\" \/><\/span>\n\t\t\t<\/p>\n\t\t<\/div>\n\t\t<div class=\"clearfor\">\n\t\t<\/div>\n\t<\/div>\n\t<div class=\"row fortit\">\n\t\t<div class=\"col-md-12\">\n\t\t\t<h6>Passagiere\n\t\t\t<\/h6>\n\t\t<\/div>\n\t\t<div class=\"clearfor\">\n\t\t<\/div>\n\t<\/div>\n\t<div class=\"row forrow\">\n\t\t<div class=\"col-md-3\">\n\t\t\t<p><span class=\"wpcf7-form-control-wrap\" data-name=\"adulti\"><input class=\"wpcf7-form-control wpcf7-number wpcf7-validates-as-required wpcf7-validates-as-number\" min=\"1\" aria-required=\"true\" aria-invalid=\"false\" placeholder=\"Erwachsene *\" value=\"\" type=\"number\" name=\"adulti\" \/><\/span>\n\t\t\t<\/p>\n\t\t<\/div>\n\t\t<div class=\"col-md-3\">\n\t\t\t<p><span class=\"wpcf7-form-control-wrap\" data-name=\"bambini0\"><input class=\"wpcf7-form-control wpcf7-number wpcf7-validates-as-number\" min=\"0\" aria-invalid=\"false\" placeholder=\"Baby (0 Jahre)\" value=\"\" type=\"number\" name=\"bambini0\" \/><\/span>\n\t\t\t<\/p>\n\t\t<\/div>\n\t\t<div class=\"col-md-3\">\n\t\t\t<p><span class=\"wpcf7-form-control-wrap\" data-name=\"bambini13\"><input class=\"wpcf7-form-control wpcf7-number wpcf7-validates-as-number\" min=\"0\" aria-invalid=\"false\" placeholder=\"Kinder (1-3 Jahre)\" value=\"\" type=\"number\" name=\"bambini13\" \/><\/span>\n\t\t\t<\/p>\n\t\t<\/div>\n\t\t<div class=\"col-md-3\">\n\t\t\t<p><span class=\"wpcf7-form-control-wrap\" data-name=\"bambini411\"><input class=\"wpcf7-form-control wpcf7-number wpcf7-validates-as-number\" min=\"0\" aria-invalid=\"false\" placeholder=\"Kinder (4-11 Jahre)\" value=\"\" type=\"number\" name=\"bambini411\" \/><\/span>\n\t\t\t<\/p>\n\t\t<\/div>\n\t\t<div class=\"clearfor\">\n\t\t<\/div>\n\t\t<div class=\"col-md-3\">\n\t\t\t<p><span class=\"wpcf7-form-control-wrap\" data-name=\"animalipic\"><input class=\"wpcf7-form-control wpcf7-number wpcf7-validates-as-number\" min=\"0\" aria-invalid=\"false\" placeholder=\"Kleine Tiere\" value=\"\" type=\"number\" name=\"animalipic\" \/><\/span>\n\t\t\t<\/p>\n\t\t<\/div>\n\t\t<div class=\"col-md-3\">\n\t\t\t<p><span class=\"wpcf7-form-control-wrap\" data-name=\"animaligra\"><input class=\"wpcf7-form-control wpcf7-number wpcf7-validates-as-number\" min=\"0\" aria-invalid=\"false\" placeholder=\"Grosse Tiere\" value=\"\" type=\"number\" name=\"animaligra\" \/><\/span>\n\t\t\t<\/p>\n\t\t<\/div>\n\t\t<div class=\"clearfor\">\n\t\t<\/div>\n\t<\/div>\n\t<div class=\"row fortit\">\n\t\t<div class=\"col-md-12\">\n\t\t\t<h6>Fahrzeug\n\t\t\t<\/h6>\n\t\t<\/div>\n\t\t<div class=\"clearfor\">\n\t\t<\/div>\n\t<\/div>\n\t<div class=\"row forrow\">\n\t\t<div class=\"col-md-3\">\n\t\t\t<p><span class=\"wpcf7-form-control-wrap\" data-name=\"veicolo\"><select class=\"wpcf7-form-control wpcf7-select\" aria-invalid=\"false\" name=\"veicolo\"><option value=\"Kein Fahrzeug\">Kein Fahrzeug<\/option><option value=\"Auto\">Auto<\/option><option value=\"Motorrad\">Motorrad<\/option><option value=\"Fahrrad\">Fahrrad<\/option><option value=\"Camper\">Camper<\/option><option value=\"Minibus\">Minibus<\/option><option value=\"Van\">Van<\/option><\/select><\/span>\n\t\t\t<\/p>\n\t\t<\/div>\n\t\t<div class=\"col-md-3\">\n\t\t\t<p><span class=\"wpcf7-form-control-wrap\" data-name=\"lunghezza\"><input class=\"wpcf7-form-control wpcf7-number wpcf7-validates-as-number\" min=\"0\" aria-invalid=\"false\" placeholder=\"L\u00e4nge (m)\" value=\"\" type=\"number\" name=\"lunghezza\" \/><\/span>\n\t\t\t<\/p>\n\t\t<\/div>\n\t\t<div class=\"col-md-3\">\n\t\t\t<p><span class=\"wpcf7-form-control-wrap\" data-name=\"altezza\"><input class=\"wpcf7-form-control wpcf7-number wpcf7-validates-as-number\" min=\"0\" aria-invalid=\"false\" placeholder=\"H\u00f6he (m)\" value=\"\" type=\"number\" name=\"altezza\" \/><\/span>\n\t\t\t<\/p>\n\t\t<\/div>\n\t\t<div class=\"col-md-3\">\n\t\t\t<p><span class=\"wpcf7-form-control-wrap\" data-name=\"extra\"><span class=\"wpcf7-form-control wpcf7-checkbox\"><span class=\"wpcf7-list-item first last\"><label><input type=\"checkbox\" name=\"extra[]\" value=\"Zus\u00e4tzliche H\u00f6he\" \/><span class=\"wpcf7-list-item-label\">Zus\u00e4tzliche H\u00f6he<\/span><\/label><\/span><\/span><\/span>\n\t\t\t<\/p>\n\t\t<\/div>\n\t\t<div class=\"clearfor\">\n\t\t<\/div>\n\t\t<div class=\"col-md-3\">\n\t\t\t<p><span class=\"wpcf7-form-control-wrap\" data-name=\"marca\"><input size=\"40\" maxlength=\"400\" class=\"wpcf7-form-control wpcf7-text\" aria-invalid=\"false\" placeholder=\"Marke\" value=\"\" type=\"text\" name=\"marca\" \/><\/span>\n\t\t\t<\/p>\n\t\t<\/div>\n\t\t<div class=\"col-md-3\">\n\t\t\t<p><span class=\"wpcf7-form-control-wrap\" data-name=\"modello\"><input size=\"40\" maxlength=\"400\" class=\"wpcf7-form-control wpcf7-text\" aria-invalid=\"false\" placeholder=\"Model\" value=\"\" type=\"text\" name=\"modello\" \/><\/span>\n\t\t\t<\/p>\n\t\t<\/div>\n\t\t<div class=\"col-md-3\">\n\t\t\t<p><span class=\"wpcf7-form-control-wrap\" data-name=\"targa\"><input size=\"40\" maxlength=\"400\" class=\"wpcf7-form-control wpcf7-text\" aria-invalid=\"false\" placeholder=\"Fahrzeugschild\" value=\"\" type=\"text\" name=\"targa\" \/><\/span>\n\t\t\t<\/p>\n\t\t<\/div>\n\t\t<div class=\"clearfor\">\n\t\t<\/div>\n\t<\/div>\n\t<div class=\"row fortit\">\n\t\t<div class=\"col-md-12\">\n\t\t\t<h6>Anh\u00e4nger\n\t\t\t<\/h6>\n\t\t<\/div>\n\t\t<div class=\"clearfor\">\n\t\t<\/div>\n\t<\/div>\n\t<div class=\"row forrow\">\n\t\t<div class=\"col-md-3\">\n\t\t\t<p><span class=\"wpcf7-form-control-wrap\" data-name=\"rimorchio\"><select class=\"wpcf7-form-control wpcf7-select\" aria-invalid=\"false\" name=\"rimorchio\"><option value=\"Kein Anh\u00e4nger\">Kein Anh\u00e4nger<\/option><option value=\"Anh\u00e4nger\">Anh\u00e4nger<\/option><option value=\"Roulotte\">Roulotte<\/option><\/select><\/span>\n\t\t\t<\/p>\n\t\t<\/div>\n\t\t<div class=\"col-md-3\">\n\t\t\t<p><span class=\"wpcf7-form-control-wrap\" data-name=\"lunghezzarim\"><input class=\"wpcf7-form-control wpcf7-number wpcf7-validates-as-number\" min=\"0\" aria-invalid=\"false\" placeholder=\"L\u00e4nge (m)\" value=\"\" type=\"number\" name=\"lunghezzarim\" \/><\/span>\n\t\t\t<\/p>\n\t\t<\/div>\n\t\t<div class=\"col-md-3\">\n\t\t\t<p><span class=\"wpcf7-form-control-wrap\" data-name=\"altezzarim\"><input class=\"wpcf7-form-control wpcf7-number wpcf7-validates-as-number\" min=\"0\" aria-invalid=\"false\" placeholder=\"H\u00f6he (m)\" value=\"\" type=\"number\" name=\"altezzarim\" \/><\/span>\n\t\t\t<\/p>\n\t\t<\/div>\n\t\t<div class=\"clearfor\">\n\t\t<\/div>\n\t<\/div>\n\t<div class=\"row fortit\">\n\t\t<div class=\"col-md-12\">\n\t\t\t<h6>Personaldaten\n\t\t\t<\/h6>\n\t\t<\/div>\n\t\t<div class=\"clearfor\">\n\t\t<\/div>\n\t<\/div>\n\t<div class=\"row forrow\">\n\t\t<div class=\"col-md-3\">\n\t\t\t<p><span class=\"wpcf7-form-control-wrap\" data-name=\"nome\"><input size=\"40\" maxlength=\"400\" class=\"wpcf7-form-control wpcf7-text wpcf7-validates-as-required\" aria-required=\"true\" aria-invalid=\"false\" placeholder=\"Vorname *\" value=\"\" type=\"text\" name=\"nome\" \/><\/span>\n\t\t\t<\/p>\n\t\t<\/div>\n\t\t<div class=\"col-md-3\">\n\t\t\t<p><span class=\"wpcf7-form-control-wrap\" data-name=\"cognome\"><input size=\"40\" maxlength=\"400\" class=\"wpcf7-form-control wpcf7-text wpcf7-validates-as-required\" aria-required=\"true\" aria-invalid=\"false\" placeholder=\"Name *\" value=\"\" type=\"text\" name=\"cognome\" \/><\/span>\n\t\t\t<\/p>\n\t\t<\/div>\n\t\t<div class=\"clearfor\">\n\t\t<\/div>\n\t\t<div class=\"col-md-3\">\n\t\t\t<p><span class=\"wpcf7-form-control-wrap\" data-name=\"indirizzo\"><input size=\"40\" maxlength=\"400\" class=\"wpcf7-form-control wpcf7-text wpcf7-validates-as-required\" aria-required=\"true\" aria-invalid=\"false\" placeholder=\"Strasse *\" value=\"\" type=\"text\" name=\"indirizzo\" \/><\/span>\n\t\t\t<\/p>\n\t\t<\/div>\n\t\t<div class=\"col-md-3\">\n\t\t\t<p><span class=\"wpcf7-form-control-wrap\" data-name=\"cap\"><input class=\"wpcf7-form-control wpcf7-number wpcf7-validates-as-number\" min=\"0\" aria-invalid=\"false\" placeholder=\"PLZ\" value=\"\" type=\"number\" name=\"cap\" \/><\/span>\n\t\t\t<\/p>\n\t\t<\/div>\n\t\t<div class=\"col-md-3\">\n\t\t\t<p><span class=\"wpcf7-form-control-wrap\" data-name=\"citta\"><input size=\"40\" maxlength=\"400\" class=\"wpcf7-form-control wpcf7-text wpcf7-validates-as-required\" aria-required=\"true\" aria-invalid=\"false\" placeholder=\"Ort *\" value=\"\" type=\"text\" name=\"citta\" \/><\/span>\n\t\t\t<\/p>\n\t\t<\/div>\n\t\t<div class=\"col-md-3\">\n\t\t\t<p><span class=\"wpcf7-form-control-wrap\" data-name=\"provincia\"><input size=\"40\" maxlength=\"400\" class=\"wpcf7-form-control wpcf7-text\" aria-invalid=\"false\" placeholder=\"Region\" value=\"\" type=\"text\" name=\"provincia\" \/><\/span>\n\t\t\t<\/p>\n\t\t<\/div>\n\t\t<div class=\"clearfor\">\n\t\t<\/div>\n\t\t<div class=\"col-md-3\">\n\t\t\t<p><span class=\"wpcf7-form-control-wrap\" data-name=\"mail\"><input size=\"40\" maxlength=\"400\" class=\"wpcf7-form-control wpcf7-email wpcf7-validates-as-required wpcf7-text wpcf7-validates-as-email\" aria-required=\"true\" aria-invalid=\"false\" placeholder=\"Email *\" value=\"\" type=\"email\" name=\"mail\" \/><\/span>\n\t\t\t<\/p>\n\t\t<\/div>\n\t\t<div class=\"col-md-3\">\n\t\t\t<p><span class=\"wpcf7-form-control-wrap\" data-name=\"cellulare\"><input size=\"40\" maxlength=\"400\" class=\"wpcf7-form-control wpcf7-text\" aria-invalid=\"false\" placeholder=\"Mobile\" value=\"\" type=\"text\" name=\"cellulare\" \/><\/span>\n\t\t\t<\/p>\n\t\t<\/div>\n\t\t<div class=\"col-md-3\">\n\t\t\t<p><span class=\"wpcf7-form-control-wrap\" data-name=\"telefono\"><input size=\"40\" maxlength=\"400\" class=\"wpcf7-form-control wpcf7-text\" aria-invalid=\"false\" placeholder=\"Telefon\" value=\"\" type=\"text\" name=\"telefono\" \/><\/span>\n\t\t\t<\/p>\n\t\t<\/div>\n\t\t<div class=\"col-md-3\">\n\t\t\t<p><span class=\"wpcf7-form-control-wrap\" data-name=\"fax\"><input size=\"40\" maxlength=\"400\" class=\"wpcf7-form-control wpcf7-text\" aria-invalid=\"false\" placeholder=\"Fax\" value=\"\" type=\"text\" name=\"fax\" \/><\/span>\n\t\t\t<\/p>\n\t\t<\/div>\n\t\t<div class=\"clearfor\">\n\t\t<\/div>\n\t<\/div>\n\t<div class=\"row fortit\">\n\t\t<div class=\"col-md-12\">\n\t\t\t<h6>Notiz\n\t\t\t<\/h6>\n\t\t<\/div>\n\t\t<div class=\"clearfor\">\n\t\t<\/div>\n\t<\/div>\n\t<div class=\"row forrow\">\n\t\t<div class=\"col-md-12\">\n\t\t\t<p><span class=\"wpcf7-form-control-wrap\" data-name=\"note\"><textarea cols=\"40\" rows=\"10\" maxlength=\"2000\" class=\"wpcf7-form-control wpcf7-textarea\" aria-invalid=\"false\" placeholder=\"Schreiben Sie hier Notizen...\" name=\"note\"><\/textarea><\/span>\n\t\t\t<\/p>\n\t\t<\/div>\n\t<\/div>\n\t<div class=\"row forrow\">\n\t\t<div class=\"col-md-12\" style=\"font-size:12px; line-height: 16px;\">\n\t\t\t<p>Wir informieren Sie dar\u00fcber, dass die von Ihnen angegebenen Daten in \u00dcbereinstimmung mit den Grunds\u00e4tzen der aktuellen Datenschutzgesetzgebung (EU-Verordnung Nr. 679 von 2016) elektronisch verarbeitet werden, um Ihnen die angeforderten Informationen zur Verf\u00fcgung zu stellen und m\u00f6glicherweise zu definieren \/ Best\u00e4tigen Sie die Reservierung des Dienstes. Vollst\u00e4ndige Informationen zu den Methoden und Zwecken der durchgef\u00fchrten Verarbeitung finden Sie auf der Seite Datenschutzbestimmungen.<br \/>\nSie k\u00f6nnen jedoch jederzeit die L\u00f6schung Ihrer Daten beantragen. Wir erinnern Sie auch daran, dass Sie \u00fcber 16 Jahre alt sein m\u00fcssen, um der Verarbeitung personenbezogener Daten zuzustimmen.\n\t\t\t<\/p>\n\t\t<\/div>\n\t<\/div>\n\t<div class=\"row forrow\">\n\t\t<div class=\"col-md-12\">\n\t\t\t<p><span class=\"wpcf7-form-control-wrap\" data-name=\"privacy\"><span class=\"wpcf7-form-control wpcf7-acceptance\"><span class=\"wpcf7-list-item\"><input type=\"checkbox\" name=\"privacy\" value=\"1\" aria-invalid=\"false\" \/><\/span><\/span><\/span> Ich best\u00e4tige die obigen Informationen.\n\t\t\t<\/p>\n\t\t<\/div>\n\t<\/div>\n\t<p><button type=\"submit\" class=\"octf-btn\">Anfrage absenden<\/button>\n\t<\/p>\n<\/div><div class=\"wpcf7-response-output\" aria-hidden=\"true\"><\/div>\n<\/form>\n<\/div>\n<\/div>\t\t\t\t<\/div>\n\t\t\t\t<\/div>\n\t\t\t\t\t<\/div>\n\t\t<\/div>\n\t\t\t\t\t<\/div>\n\t\t<\/section>\n\t\t\t\t<\/div>\n\t\t","protected":false},"excerpt":{"rendered":"<p>F\u00e4hre Buchen Nutzen Sie unsere Angebote und Erm\u00e4\u00dfigungen per Agentur und buchen Sie mit uns die F\u00e4hre zur Insel Elba. Andata Seleziona una tratta *Piombino &#8211; PortoferraioPiombino &#8211; Rio MarinaPiombino &#8211; CavoPortoferraio &#8211; PiombinoRio Marina &#8211; PiombinoCavo &#8211; Piombino Ritorno Seleziona una trattaPortoferraio &#8211; PiombinoRio Marina &#8211; PiombinoCavo &#8211; PiombinoPiombino &#8211; PortoferraioPiombino &#8211; Rio MarinaPiombino [&hellip;]<\/p>\n","protected":false},"author":1,"featured_media":0,"parent":0,"menu_order":4,"comment_status":"closed","ping_status":"closed","template":"","meta":{"footnotes":""},"class_list":["post-2779","page","type-page","status-publish","hentry"],"yoast_head":"<!-- This site is optimized with the Yoast SEO plugin v26.5 - https:\/\/yoast.com\/wordpress\/plugins\/seo\/ -->\n<title>F\u00e4hre Buchen - Agenzia Bruno Viaggi, Insel Elba<\/title>\n<meta name=\"description\" content=\"Nutzen Sie unsere Angebote und Erm\u00e4\u00dfigungen per Agentur und buchen Sie mit uns die F\u00e4hre zur Insel Elba.\" \/>\n<meta name=\"robots\" content=\"index, follow, max-snippet:-1, max-image-preview:large, max-video-preview:-1\" \/>\n<link rel=\"canonical\" href=\"https:\/\/www.brunoviaggi.it\/de\/faehre-buchen\/\" \/>\n<meta property=\"og:locale\" content=\"de_DE\" \/>\n<meta property=\"og:type\" content=\"article\" \/>\n<meta property=\"og:title\" content=\"F\u00e4hre Buchen - Agenzia Bruno Viaggi, Insel Elba\" \/>\n<meta property=\"og:description\" content=\"Nutzen Sie unsere Angebote und Erm\u00e4\u00dfigungen per Agentur und buchen Sie mit uns die F\u00e4hre zur Insel Elba.\" \/>\n<meta property=\"og:url\" content=\"https:\/\/www.brunoviaggi.it\/de\/faehre-buchen\/\" \/>\n<meta property=\"og:site_name\" content=\"Agenzia Bruno Viaggi\" \/>\n<meta property=\"article:modified_time\" content=\"2021-04-19T13:05:49+00:00\" \/>\n<meta name=\"twitter:card\" content=\"summary_large_image\" \/>\n<meta name=\"twitter:label1\" content=\"Gesch\u00e4tzte Lesezeit\" \/>\n\t<meta name=\"twitter:data1\" content=\"1\u00a0Minute\" \/>\n<script type=\"application\/ld+json\" class=\"yoast-schema-graph\">{\"@context\":\"https:\/\/schema.org\",\"@graph\":[{\"@type\":\"WebPage\",\"@id\":\"https:\/\/www.brunoviaggi.it\/de\/faehre-buchen\/\",\"url\":\"https:\/\/www.brunoviaggi.it\/de\/faehre-buchen\/\",\"name\":\"F\u00e4hre Buchen - Agenzia Bruno Viaggi, Insel Elba\",\"isPartOf\":{\"@id\":\"https:\/\/www.brunoviaggi.it\/de\/#website\"},\"datePublished\":\"2021-04-02T14:32:12+00:00\",\"dateModified\":\"2021-04-19T13:05:49+00:00\",\"description\":\"Nutzen Sie unsere Angebote und Erm\u00e4\u00dfigungen per Agentur und buchen Sie mit uns die F\u00e4hre zur Insel Elba.\",\"breadcrumb\":{\"@id\":\"https:\/\/www.brunoviaggi.it\/de\/faehre-buchen\/#breadcrumb\"},\"inLanguage\":\"de\",\"potentialAction\":[{\"@type\":\"ReadAction\",\"target\":[\"https:\/\/www.brunoviaggi.it\/de\/faehre-buchen\/\"]}]},{\"@type\":\"BreadcrumbList\",\"@id\":\"https:\/\/www.brunoviaggi.it\/de\/faehre-buchen\/#breadcrumb\",\"itemListElement\":[{\"@type\":\"ListItem\",\"position\":1,\"name\":\"Home\",\"item\":\"https:\/\/www.brunoviaggi.it\/de\/home\/\"},{\"@type\":\"ListItem\",\"position\":2,\"name\":\"F\u00e4hre Buchen\"}]},{\"@type\":\"WebSite\",\"@id\":\"https:\/\/www.brunoviaggi.it\/de\/#website\",\"url\":\"https:\/\/www.brunoviaggi.it\/de\/\",\"name\":\"Agenzia Bruno Viaggi\",\"description\":\"Idee per le tue vacanze all&#039;Elba\",\"publisher\":{\"@id\":\"https:\/\/www.brunoviaggi.it\/de\/#organization\"},\"potentialAction\":[{\"@type\":\"SearchAction\",\"target\":{\"@type\":\"EntryPoint\",\"urlTemplate\":\"https:\/\/www.brunoviaggi.it\/de\/?s={search_term_string}\"},\"query-input\":{\"@type\":\"PropertyValueSpecification\",\"valueRequired\":true,\"valueName\":\"search_term_string\"}}],\"inLanguage\":\"de\"},{\"@type\":\"Organization\",\"@id\":\"https:\/\/www.brunoviaggi.it\/de\/#organization\",\"name\":\"Bruno Viaggi\",\"url\":\"https:\/\/www.brunoviaggi.it\/de\/\",\"logo\":{\"@type\":\"ImageObject\",\"inLanguage\":\"de\",\"@id\":\"https:\/\/www.brunoviaggi.it\/de\/#\/schema\/logo\/image\/\",\"url\":\"https:\/\/www.brunoviaggi.it\/wp-content\/uploads\/bruno-viaggi.png\",\"contentUrl\":\"https:\/\/www.brunoviaggi.it\/wp-content\/uploads\/bruno-viaggi.png\",\"width\":340,\"height\":143,\"caption\":\"Bruno Viaggi\"},\"image\":{\"@id\":\"https:\/\/www.brunoviaggi.it\/de\/#\/schema\/logo\/image\/\"}}]}<\/script>\n<!-- \/ Yoast SEO plugin. -->","yoast_head_json":{"title":"F\u00e4hre Buchen - Agenzia Bruno Viaggi, Insel Elba","description":"Nutzen Sie unsere Angebote und Erm\u00e4\u00dfigungen per Agentur und buchen Sie mit uns die F\u00e4hre zur Insel Elba.","robots":{"index":"index","follow":"follow","max-snippet":"max-snippet:-1","max-image-preview":"max-image-preview:large","max-video-preview":"max-video-preview:-1"},"canonical":"https:\/\/www.brunoviaggi.it\/de\/faehre-buchen\/","og_locale":"de_DE","og_type":"article","og_title":"F\u00e4hre Buchen - Agenzia Bruno Viaggi, Insel Elba","og_description":"Nutzen Sie unsere Angebote und Erm\u00e4\u00dfigungen per Agentur und buchen Sie mit uns die F\u00e4hre zur Insel Elba.","og_url":"https:\/\/www.brunoviaggi.it\/de\/faehre-buchen\/","og_site_name":"Agenzia Bruno Viaggi","article_modified_time":"2021-04-19T13:05:49+00:00","twitter_card":"summary_large_image","twitter_misc":{"Gesch\u00e4tzte Lesezeit":"1\u00a0Minute"},"schema":{"@context":"https:\/\/schema.org","@graph":[{"@type":"WebPage","@id":"https:\/\/www.brunoviaggi.it\/de\/faehre-buchen\/","url":"https:\/\/www.brunoviaggi.it\/de\/faehre-buchen\/","name":"F\u00e4hre Buchen - Agenzia Bruno Viaggi, Insel Elba","isPartOf":{"@id":"https:\/\/www.brunoviaggi.it\/de\/#website"},"datePublished":"2021-04-02T14:32:12+00:00","dateModified":"2021-04-19T13:05:49+00:00","description":"Nutzen Sie unsere Angebote und Erm\u00e4\u00dfigungen per Agentur und buchen Sie mit uns die F\u00e4hre zur Insel Elba.","breadcrumb":{"@id":"https:\/\/www.brunoviaggi.it\/de\/faehre-buchen\/#breadcrumb"},"inLanguage":"de","potentialAction":[{"@type":"ReadAction","target":["https:\/\/www.brunoviaggi.it\/de\/faehre-buchen\/"]}]},{"@type":"BreadcrumbList","@id":"https:\/\/www.brunoviaggi.it\/de\/faehre-buchen\/#breadcrumb","itemListElement":[{"@type":"ListItem","position":1,"name":"Home","item":"https:\/\/www.brunoviaggi.it\/de\/home\/"},{"@type":"ListItem","position":2,"name":"F\u00e4hre Buchen"}]},{"@type":"WebSite","@id":"https:\/\/www.brunoviaggi.it\/de\/#website","url":"https:\/\/www.brunoviaggi.it\/de\/","name":"Agenzia Bruno Viaggi","description":"Idee per le tue vacanze all&#039;Elba","publisher":{"@id":"https:\/\/www.brunoviaggi.it\/de\/#organization"},"potentialAction":[{"@type":"SearchAction","target":{"@type":"EntryPoint","urlTemplate":"https:\/\/www.brunoviaggi.it\/de\/?s={search_term_string}"},"query-input":{"@type":"PropertyValueSpecification","valueRequired":true,"valueName":"search_term_string"}}],"inLanguage":"de"},{"@type":"Organization","@id":"https:\/\/www.brunoviaggi.it\/de\/#organization","name":"Bruno Viaggi","url":"https:\/\/www.brunoviaggi.it\/de\/","logo":{"@type":"ImageObject","inLanguage":"de","@id":"https:\/\/www.brunoviaggi.it\/de\/#\/schema\/logo\/image\/","url":"https:\/\/www.brunoviaggi.it\/wp-content\/uploads\/bruno-viaggi.png","contentUrl":"https:\/\/www.brunoviaggi.it\/wp-content\/uploads\/bruno-viaggi.png","width":340,"height":143,"caption":"Bruno Viaggi"},"image":{"@id":"https:\/\/www.brunoviaggi.it\/de\/#\/schema\/logo\/image\/"}}]}},"_links":{"self":[{"href":"https:\/\/www.brunoviaggi.it\/de\/wp-json\/wp\/v2\/pages\/2779","targetHints":{"allow":["GET"]}}],"collection":[{"href":"https:\/\/www.brunoviaggi.it\/de\/wp-json\/wp\/v2\/pages"}],"about":[{"href":"https:\/\/www.brunoviaggi.it\/de\/wp-json\/wp\/v2\/types\/page"}],"author":[{"embeddable":true,"href":"https:\/\/www.brunoviaggi.it\/de\/wp-json\/wp\/v2\/users\/1"}],"replies":[{"embeddable":true,"href":"https:\/\/www.brunoviaggi.it\/de\/wp-json\/wp\/v2\/comments?post=2779"}],"version-history":[{"count":4,"href":"https:\/\/www.brunoviaggi.it\/de\/wp-json\/wp\/v2\/pages\/2779\/revisions"}],"predecessor-version":[{"id":2783,"href":"https:\/\/www.brunoviaggi.it\/de\/wp-json\/wp\/v2\/pages\/2779\/revisions\/2783"}],"wp:attachment":[{"href":"https:\/\/www.brunoviaggi.it\/de\/wp-json\/wp\/v2\/media?parent=2779"}],"curies":[{"name":"wp","href":"https:\/\/api.w.org\/{rel}","templated":true}]}}