{"id":2739,"date":"2021-04-02T16:23:43","date_gmt":"2021-04-02T14:23:43","guid":{"rendered":"https:\/\/www.brunoviaggi.it\/insel-elba\/escursioni\/"},"modified":"2021-04-19T11:13:12","modified_gmt":"2021-04-19T09:13:12","slug":"ausfluege","status":"publish","type":"page","link":"https:\/\/www.brunoviaggi.it\/de\/insel-elba\/ausfluege\/","title":{"rendered":"Ausfl\u00fcge"},"content":{"rendered":"\t\t<div data-elementor-type=\"wp-page\" data-elementor-id=\"2739\" class=\"elementor elementor-2739 elementor-1893\">\n\t\t\t\t\t\t<section class=\"elementor-section elementor-top-section elementor-element elementor-element-4ce8c126 elementor-section-boxed elementor-section-height-default elementor-section-height-default\" data-id=\"4ce8c126\" data-element_type=\"section\">\n\t\t\t\t\t\t<div class=\"elementor-container elementor-column-gap-default\">\n\t\t\t\t\t<div class=\"elementor-column elementor-col-100 elementor-top-column elementor-element elementor-element-51f4824a ot-flex-column-vertical\" data-id=\"51f4824a\" data-element_type=\"column\">\n\t\t\t<div class=\"elementor-widget-wrap elementor-element-populated\">\n\t\t\t\t\t\t<div class=\"elementor-element elementor-element-5f20a680 elementor-widget elementor-widget-heading\" data-id=\"5f20a680\" data-element_type=\"widget\" data-widget_type=\"heading.default\">\n\t\t\t\t<div class=\"elementor-widget-container\">\n\t\t\t\t\t<h5 class=\"elementor-heading-title elementor-size-default\">Ausfl\u00fcge<\/h5>\t\t\t\t<\/div>\n\t\t\t\t<\/div>\n\t\t\t\t<div class=\"elementor-element elementor-element-6f9b2d1c elementor-widget elementor-widget-text-editor\" data-id=\"6f9b2d1c\" data-element_type=\"widget\" data-widget_type=\"text-editor.default\">\n\t\t\t\t<div class=\"elementor-widget-container\">\n\t\t\t\t\t\t\t\t\t<p>Elba ist das ideale Touristenziel f\u00fcr diejenigen, die einen aktiven Urlaub unter freiem Himmel verbringen m\u00f6chten, insbesondere im <b>Fr\u00fchling und Herbst<\/b>, wo die Sonnenstrahlen weicher sind und den ganzen Tag \u00fcber wunderbare Ausfl\u00fcge erm\u00f6glichen.<\/p><p><b> Elba ist sowohl auf dem Seeweg als auch auf dem Landweg wundersch\u00f6n zu besuchen<\/b>.<\/p><p>Auf dem Seeweg ist es m\u00f6glich, einen <b>Tagesausflug mit dem Boot<\/b> zu unternehmen, vielleicht in Begleitung eines Skippers, der Ihnen die morphologischen Merkmale der Insel zeigt und Sie unber\u00fchrte Orte entdecken l\u00e4sst, die auf dem Landweg nicht erreichbar sind. Auch auf dem Seeweg ist die <b>Insel Pianosa<\/b> auf jeden Fall einen Besuch wert, wo es auch m\u00f6glich ist, Ausfl\u00fcge mit dem Kajak und zu Fu\u00df zu unternehmen.<\/p><p>Nicht zu vergessen f\u00fcr diejenigen, die das Meer lieben, den Reichtum und die Sch\u00f6nheit seiner Tiefen, wo zahlreiche Tauchschulen, Kurse f\u00fcr Anf\u00e4nger und Experten anbieten.<\/p><p>Auf dem Land gibt es <b>zahlreiche Wege<\/b> entlang der Insel Elba, von den alten Bergpfaden, die einst die einzigen waren, die ein bewohntes Dorf mit dem anderen verbanden. Die Wanderwege sind fast alle in das mediterrane Gestr\u00fcpp eingebettet oder \u00fcberqueren die K\u00fcstenseiten der Insel und bieten einen Panoramablick von seltener Sch\u00f6nheit, der heute h\u00e4ufiger von <b>Wanderern und Bikern<\/b> besucht wird.<\/p><p>In den letzten Jahren wurden diese Wege kartiert und nummeriert, um ihre Nutzung zu vereinfachen. Vom 1019 Meter hohen Gipfel des Monte Capanne aus, der nicht nur zu Fu\u00df, sondern auch mit einer Seilbahn erreichbar ist, kann man die Umrisse der Insel und an klaren Tagen alle Inseln des toskanischen Archipels und einen gro\u00dfen Teil des Archipels sehen.<\/p>\t\t\t\t\t\t\t\t<\/div>\n\t\t\t\t<\/div>\n\t\t\t\t\t<\/div>\n\t\t<\/div>\n\t\t\t\t\t<\/div>\n\t\t<\/section>\n\t\t\t\t<\/div>\n\t\t","protected":false},"excerpt":{"rendered":"<p>Ausfl\u00fcge Elba ist das ideale Touristenziel f\u00fcr diejenigen, die einen aktiven Urlaub unter freiem Himmel verbringen m\u00f6chten, insbesondere im Fr\u00fchling und Herbst, wo die Sonnenstrahlen weicher sind und den ganzen Tag \u00fcber wunderbare Ausfl\u00fcge erm\u00f6glichen. Elba ist sowohl auf dem Seeweg als auch auf dem Landweg wundersch\u00f6n zu besuchen. Auf dem Seeweg ist es m\u00f6glich, [&hellip;]<\/p>\n","protected":false},"author":1,"featured_media":0,"parent":2662,"menu_order":4,"comment_status":"closed","ping_status":"closed","template":"","meta":{"footnotes":""},"class_list":["post-2739","page","type-page","status-publish","hentry"],"yoast_head":"<!-- This site is optimized with the Yoast SEO plugin v26.5 - https:\/\/yoast.com\/wordpress\/plugins\/seo\/ -->\n<title>Ausfl\u00fcge - Agenzia Bruno Viaggi, Insel Elba<\/title>\n<meta name=\"description\" content=\"Elba ist das ideale Touristenziel f\u00fcr diejenigen, die einen aktiven Urlaub unter freiem Himmel verbringen m\u00f6chten, insbesondere im Fr\u00fchling und Herbst.\" \/>\n<meta name=\"robots\" content=\"index, follow, max-snippet:-1, max-image-preview:large, max-video-preview:-1\" \/>\n<link rel=\"canonical\" href=\"https:\/\/www.brunoviaggi.it\/de\/insel-elba\/ausfluege\/\" \/>\n<meta property=\"og:locale\" content=\"de_DE\" \/>\n<meta property=\"og:type\" content=\"article\" \/>\n<meta property=\"og:title\" content=\"Ausfl\u00fcge - Agenzia Bruno Viaggi, Insel Elba\" \/>\n<meta property=\"og:description\" content=\"Elba ist das ideale Touristenziel f\u00fcr diejenigen, die einen aktiven Urlaub unter freiem Himmel verbringen m\u00f6chten, insbesondere im Fr\u00fchling und Herbst.\" \/>\n<meta property=\"og:url\" content=\"https:\/\/www.brunoviaggi.it\/de\/insel-elba\/ausfluege\/\" \/>\n<meta property=\"og:site_name\" content=\"Agenzia Bruno Viaggi\" \/>\n<meta property=\"article:modified_time\" content=\"2021-04-19T09:13:12+00:00\" \/>\n<meta name=\"twitter:card\" content=\"summary_large_image\" \/>\n<meta name=\"twitter:label1\" content=\"Gesch\u00e4tzte Lesezeit\" \/>\n\t<meta name=\"twitter:data1\" content=\"2\u00a0Minuten\" \/>\n<script type=\"application\/ld+json\" class=\"yoast-schema-graph\">{\"@context\":\"https:\/\/schema.org\",\"@graph\":[{\"@type\":\"WebPage\",\"@id\":\"https:\/\/www.brunoviaggi.it\/de\/insel-elba\/ausfluege\/\",\"url\":\"https:\/\/www.brunoviaggi.it\/de\/insel-elba\/ausfluege\/\",\"name\":\"Ausfl\u00fcge - Agenzia Bruno Viaggi, Insel Elba\",\"isPartOf\":{\"@id\":\"https:\/\/www.brunoviaggi.it\/de\/#website\"},\"datePublished\":\"2021-04-02T14:23:43+00:00\",\"dateModified\":\"2021-04-19T09:13:12+00:00\",\"description\":\"Elba ist das ideale Touristenziel f\u00fcr diejenigen, die einen aktiven Urlaub unter freiem Himmel verbringen m\u00f6chten, insbesondere im Fr\u00fchling und Herbst.\",\"breadcrumb\":{\"@id\":\"https:\/\/www.brunoviaggi.it\/de\/insel-elba\/ausfluege\/#breadcrumb\"},\"inLanguage\":\"de\",\"potentialAction\":[{\"@type\":\"ReadAction\",\"target\":[\"https:\/\/www.brunoviaggi.it\/de\/insel-elba\/ausfluege\/\"]}]},{\"@type\":\"BreadcrumbList\",\"@id\":\"https:\/\/www.brunoviaggi.it\/de\/insel-elba\/ausfluege\/#breadcrumb\",\"itemListElement\":[{\"@type\":\"ListItem\",\"position\":1,\"name\":\"Home\",\"item\":\"https:\/\/www.brunoviaggi.it\/de\/home\/\"},{\"@type\":\"ListItem\",\"position\":2,\"name\":\"Insel Elba\",\"item\":\"https:\/\/www.brunoviaggi.it\/de\/insel-elba\/\"},{\"@type\":\"ListItem\",\"position\":3,\"name\":\"Ausfl\u00fcge\"}]},{\"@type\":\"WebSite\",\"@id\":\"https:\/\/www.brunoviaggi.it\/de\/#website\",\"url\":\"https:\/\/www.brunoviaggi.it\/de\/\",\"name\":\"Agenzia Bruno Viaggi\",\"description\":\"Idee per le tue vacanze all&#039;Elba\",\"publisher\":{\"@id\":\"https:\/\/www.brunoviaggi.it\/de\/#organization\"},\"potentialAction\":[{\"@type\":\"SearchAction\",\"target\":{\"@type\":\"EntryPoint\",\"urlTemplate\":\"https:\/\/www.brunoviaggi.it\/de\/?s={search_term_string}\"},\"query-input\":{\"@type\":\"PropertyValueSpecification\",\"valueRequired\":true,\"valueName\":\"search_term_string\"}}],\"inLanguage\":\"de\"},{\"@type\":\"Organization\",\"@id\":\"https:\/\/www.brunoviaggi.it\/de\/#organization\",\"name\":\"Bruno Viaggi\",\"url\":\"https:\/\/www.brunoviaggi.it\/de\/\",\"logo\":{\"@type\":\"ImageObject\",\"inLanguage\":\"de\",\"@id\":\"https:\/\/www.brunoviaggi.it\/de\/#\/schema\/logo\/image\/\",\"url\":\"https:\/\/www.brunoviaggi.it\/wp-content\/uploads\/bruno-viaggi.png\",\"contentUrl\":\"https:\/\/www.brunoviaggi.it\/wp-content\/uploads\/bruno-viaggi.png\",\"width\":340,\"height\":143,\"caption\":\"Bruno Viaggi\"},\"image\":{\"@id\":\"https:\/\/www.brunoviaggi.it\/de\/#\/schema\/logo\/image\/\"}}]}<\/script>\n<!-- \/ Yoast SEO plugin. -->","yoast_head_json":{"title":"Ausfl\u00fcge - Agenzia Bruno Viaggi, Insel Elba","description":"Elba ist das ideale Touristenziel f\u00fcr diejenigen, die einen aktiven Urlaub unter freiem Himmel verbringen m\u00f6chten, insbesondere im Fr\u00fchling und Herbst.","robots":{"index":"index","follow":"follow","max-snippet":"max-snippet:-1","max-image-preview":"max-image-preview:large","max-video-preview":"max-video-preview:-1"},"canonical":"https:\/\/www.brunoviaggi.it\/de\/insel-elba\/ausfluege\/","og_locale":"de_DE","og_type":"article","og_title":"Ausfl\u00fcge - Agenzia Bruno Viaggi, Insel Elba","og_description":"Elba ist das ideale Touristenziel f\u00fcr diejenigen, die einen aktiven Urlaub unter freiem Himmel verbringen m\u00f6chten, insbesondere im Fr\u00fchling und Herbst.","og_url":"https:\/\/www.brunoviaggi.it\/de\/insel-elba\/ausfluege\/","og_site_name":"Agenzia Bruno Viaggi","article_modified_time":"2021-04-19T09:13:12+00:00","twitter_card":"summary_large_image","twitter_misc":{"Gesch\u00e4tzte Lesezeit":"2\u00a0Minuten"},"schema":{"@context":"https:\/\/schema.org","@graph":[{"@type":"WebPage","@id":"https:\/\/www.brunoviaggi.it\/de\/insel-elba\/ausfluege\/","url":"https:\/\/www.brunoviaggi.it\/de\/insel-elba\/ausfluege\/","name":"Ausfl\u00fcge - Agenzia Bruno Viaggi, Insel Elba","isPartOf":{"@id":"https:\/\/www.brunoviaggi.it\/de\/#website"},"datePublished":"2021-04-02T14:23:43+00:00","dateModified":"2021-04-19T09:13:12+00:00","description":"Elba ist das ideale Touristenziel f\u00fcr diejenigen, die einen aktiven Urlaub unter freiem Himmel verbringen m\u00f6chten, insbesondere im Fr\u00fchling und Herbst.","breadcrumb":{"@id":"https:\/\/www.brunoviaggi.it\/de\/insel-elba\/ausfluege\/#breadcrumb"},"inLanguage":"de","potentialAction":[{"@type":"ReadAction","target":["https:\/\/www.brunoviaggi.it\/de\/insel-elba\/ausfluege\/"]}]},{"@type":"BreadcrumbList","@id":"https:\/\/www.brunoviaggi.it\/de\/insel-elba\/ausfluege\/#breadcrumb","itemListElement":[{"@type":"ListItem","position":1,"name":"Home","item":"https:\/\/www.brunoviaggi.it\/de\/home\/"},{"@type":"ListItem","position":2,"name":"Insel Elba","item":"https:\/\/www.brunoviaggi.it\/de\/insel-elba\/"},{"@type":"ListItem","position":3,"name":"Ausfl\u00fcge"}]},{"@type":"WebSite","@id":"https:\/\/www.brunoviaggi.it\/de\/#website","url":"https:\/\/www.brunoviaggi.it\/de\/","name":"Agenzia Bruno Viaggi","description":"Idee per le tue vacanze all&#039;Elba","publisher":{"@id":"https:\/\/www.brunoviaggi.it\/de\/#organization"},"potentialAction":[{"@type":"SearchAction","target":{"@type":"EntryPoint","urlTemplate":"https:\/\/www.brunoviaggi.it\/de\/?s={search_term_string}"},"query-input":{"@type":"PropertyValueSpecification","valueRequired":true,"valueName":"search_term_string"}}],"inLanguage":"de"},{"@type":"Organization","@id":"https:\/\/www.brunoviaggi.it\/de\/#organization","name":"Bruno Viaggi","url":"https:\/\/www.brunoviaggi.it\/de\/","logo":{"@type":"ImageObject","inLanguage":"de","@id":"https:\/\/www.brunoviaggi.it\/de\/#\/schema\/logo\/image\/","url":"https:\/\/www.brunoviaggi.it\/wp-content\/uploads\/bruno-viaggi.png","contentUrl":"https:\/\/www.brunoviaggi.it\/wp-content\/uploads\/bruno-viaggi.png","width":340,"height":143,"caption":"Bruno Viaggi"},"image":{"@id":"https:\/\/www.brunoviaggi.it\/de\/#\/schema\/logo\/image\/"}}]}},"_links":{"self":[{"href":"https:\/\/www.brunoviaggi.it\/de\/wp-json\/wp\/v2\/pages\/2739","targetHints":{"allow":["GET"]}}],"collection":[{"href":"https:\/\/www.brunoviaggi.it\/de\/wp-json\/wp\/v2\/pages"}],"about":[{"href":"https:\/\/www.brunoviaggi.it\/de\/wp-json\/wp\/v2\/types\/page"}],"author":[{"embeddable":true,"href":"https:\/\/www.brunoviaggi.it\/de\/wp-json\/wp\/v2\/users\/1"}],"replies":[{"embeddable":true,"href":"https:\/\/www.brunoviaggi.it\/de\/wp-json\/wp\/v2\/comments?post=2739"}],"version-history":[{"count":7,"href":"https:\/\/www.brunoviaggi.it\/de\/wp-json\/wp\/v2\/pages\/2739\/revisions"}],"predecessor-version":[{"id":2746,"href":"https:\/\/www.brunoviaggi.it\/de\/wp-json\/wp\/v2\/pages\/2739\/revisions\/2746"}],"up":[{"embeddable":true,"href":"https:\/\/www.brunoviaggi.it\/de\/wp-json\/wp\/v2\/pages\/2662"}],"wp:attachment":[{"href":"https:\/\/www.brunoviaggi.it\/de\/wp-json\/wp\/v2\/media?parent=2739"}],"curies":[{"name":"wp","href":"https:\/\/api.w.org\/{rel}","templated":true}]}}