{"id":2702,"date":"2021-04-02T16:16:02","date_gmt":"2021-04-02T14:16:02","guid":{"rendered":"https:\/\/www.brunoviaggi.it\/insel-elba\/comuni-e-paesi\/"},"modified":"2021-04-19T10:57:23","modified_gmt":"2021-04-19T08:57:23","slug":"gemeinde-und-doerfer","status":"publish","type":"page","link":"https:\/\/www.brunoviaggi.it\/de\/insel-elba\/gemeinde-und-doerfer\/","title":{"rendered":"Gemeinde und D\u00f6rfer"},"content":{"rendered":"\t\t<div data-elementor-type=\"wp-page\" data-elementor-id=\"2702\" class=\"elementor elementor-2702 elementor-1872\">\n\t\t\t\t\t\t<section class=\"elementor-section elementor-top-section elementor-element elementor-element-10b3db5d elementor-section-boxed elementor-section-height-default elementor-section-height-default\" data-id=\"10b3db5d\" data-element_type=\"section\">\n\t\t\t\t\t\t<div class=\"elementor-container elementor-column-gap-default\">\n\t\t\t\t\t<div class=\"elementor-column elementor-col-100 elementor-top-column elementor-element elementor-element-5bbc3d4c ot-flex-column-vertical\" data-id=\"5bbc3d4c\" data-element_type=\"column\">\n\t\t\t<div class=\"elementor-widget-wrap elementor-element-populated\">\n\t\t\t\t\t\t<div class=\"elementor-element elementor-element-5de06d8e elementor-widget elementor-widget-heading\" data-id=\"5de06d8e\" data-element_type=\"widget\" data-widget_type=\"heading.default\">\n\t\t\t\t<div class=\"elementor-widget-container\">\n\t\t\t\t\t<h5 class=\"elementor-heading-title elementor-size-default\">Gemeinde und D\u00f6rfer<\/h5>\t\t\t\t<\/div>\n\t\t\t\t<\/div>\n\t\t\t\t<div class=\"elementor-element elementor-element-5ececd6 elementor-widget elementor-widget-text-editor\" data-id=\"5ececd6\" data-element_type=\"widget\" data-widget_type=\"text-editor.default\">\n\t\t\t\t<div class=\"elementor-widget-container\">\n\t\t\t\t\t\t\t\t\t<p>Aus administrativer Sicht ist Elba heute in <b>sieben Gemeinden<\/b> unterteilt: Portoferraio, Campo nell&#8217;Elba, Rio, Marciana Marina, Marciana, Capoliveri und Porto Azzurro sowie zahlreiche D\u00f6rfer, die oft sogar \u00e4lter sind als die n\u00e4hergeliegenen K\u00fcstend\u00f6rfer auf dem Festland, dies dank des Touristenbooms. In den D\u00f6rfern kann die elbanische Kultur noch heute \u201cgeatmet\u201d werden. Sie k\u00f6nnen alte Gerichte entdecken und an einigen beliebten Br\u00e4uchen teilnehmen.<\/p><p>Die <b>\u00e4ltesten D\u00f6rfer<\/b> sind Capoliveri, Marciana, San Piero und Sant&#8217;Ilario.<\/p><p>Ebenfalls einen Besuch wert sind die <b>maritimen Zentren<\/b> mit ihren herrlichen Yachth\u00e4fen, Marciana Marina, Porto Azzurro, Portoferraio und Rio Marina.<\/p><p>F\u00fcr diejenigen, die das <b>Meer und die Sandstr\u00e4nde<\/b> lieben, empfehlen wir stattdessen Marina di Campo, Procchio, La Biodola und Lacona.<\/p><p>F\u00fcr Touristen, die Spa\u00df haben m\u00f6chten, ist ein Besuch in <b>Cavoli und den Str\u00e4nden der Costa del Sole<\/b> ein Muss.<\/p>\t\t\t\t\t\t\t\t<\/div>\n\t\t\t\t<\/div>\n\t\t\t\t\t<\/div>\n\t\t<\/div>\n\t\t\t\t\t<\/div>\n\t\t<\/section>\n\t\t\t\t<\/div>\n\t\t","protected":false},"excerpt":{"rendered":"<p>Gemeinde und D\u00f6rfer Aus administrativer Sicht ist Elba heute in sieben Gemeinden unterteilt: Portoferraio, Campo nell&#8217;Elba, Rio, Marciana Marina, Marciana, Capoliveri und Porto Azzurro sowie zahlreiche D\u00f6rfer, die oft sogar \u00e4lter sind als die n\u00e4hergeliegenen K\u00fcstend\u00f6rfer auf dem Festland, dies dank des Touristenbooms. In den D\u00f6rfern kann die elbanische Kultur noch heute \u201cgeatmet\u201d werden. Sie [&hellip;]<\/p>\n","protected":false},"author":1,"featured_media":0,"parent":2662,"menu_order":2,"comment_status":"closed","ping_status":"closed","template":"","meta":{"footnotes":""},"class_list":["post-2702","page","type-page","status-publish","hentry"],"yoast_head":"<!-- This site is optimized with the Yoast SEO plugin v26.5 - https:\/\/yoast.com\/wordpress\/plugins\/seo\/ -->\n<title>Gemeinde und D\u00f6rfer - Agenzia Bruno Viaggi, Insel Elba<\/title>\n<meta name=\"description\" content=\"Elba heute in sieben Gemeinden unterteilt: Portoferraio, Campo nell&#039;Elba, Rio, Marciana Marina, Marciana, Capoliveri und Porto Azzurro.\" \/>\n<meta name=\"robots\" content=\"index, follow, max-snippet:-1, max-image-preview:large, max-video-preview:-1\" \/>\n<link rel=\"canonical\" href=\"https:\/\/www.brunoviaggi.it\/de\/insel-elba\/gemeinde-und-doerfer\/\" \/>\n<meta property=\"og:locale\" content=\"de_DE\" \/>\n<meta property=\"og:type\" content=\"article\" \/>\n<meta property=\"og:title\" content=\"Gemeinde und D\u00f6rfer - Agenzia Bruno Viaggi, Insel Elba\" \/>\n<meta property=\"og:description\" content=\"Elba heute in sieben Gemeinden unterteilt: Portoferraio, Campo nell&#039;Elba, Rio, Marciana Marina, Marciana, Capoliveri und Porto Azzurro.\" \/>\n<meta property=\"og:url\" content=\"https:\/\/www.brunoviaggi.it\/de\/insel-elba\/gemeinde-und-doerfer\/\" \/>\n<meta property=\"og:site_name\" content=\"Agenzia Bruno Viaggi\" \/>\n<meta property=\"article:modified_time\" content=\"2021-04-19T08:57:23+00:00\" \/>\n<meta name=\"twitter:card\" content=\"summary_large_image\" \/>\n<meta name=\"twitter:label1\" content=\"Gesch\u00e4tzte Lesezeit\" \/>\n\t<meta name=\"twitter:data1\" content=\"1\u00a0Minute\" \/>\n<script type=\"application\/ld+json\" class=\"yoast-schema-graph\">{\"@context\":\"https:\/\/schema.org\",\"@graph\":[{\"@type\":\"WebPage\",\"@id\":\"https:\/\/www.brunoviaggi.it\/de\/insel-elba\/gemeinde-und-doerfer\/\",\"url\":\"https:\/\/www.brunoviaggi.it\/de\/insel-elba\/gemeinde-und-doerfer\/\",\"name\":\"Gemeinde und D\u00f6rfer - Agenzia Bruno Viaggi, Insel Elba\",\"isPartOf\":{\"@id\":\"https:\/\/www.brunoviaggi.it\/de\/#website\"},\"datePublished\":\"2021-04-02T14:16:02+00:00\",\"dateModified\":\"2021-04-19T08:57:23+00:00\",\"description\":\"Elba heute in sieben Gemeinden unterteilt: Portoferraio, Campo nell'Elba, Rio, Marciana Marina, Marciana, Capoliveri und Porto Azzurro.\",\"breadcrumb\":{\"@id\":\"https:\/\/www.brunoviaggi.it\/de\/insel-elba\/gemeinde-und-doerfer\/#breadcrumb\"},\"inLanguage\":\"de\",\"potentialAction\":[{\"@type\":\"ReadAction\",\"target\":[\"https:\/\/www.brunoviaggi.it\/de\/insel-elba\/gemeinde-und-doerfer\/\"]}]},{\"@type\":\"BreadcrumbList\",\"@id\":\"https:\/\/www.brunoviaggi.it\/de\/insel-elba\/gemeinde-und-doerfer\/#breadcrumb\",\"itemListElement\":[{\"@type\":\"ListItem\",\"position\":1,\"name\":\"Home\",\"item\":\"https:\/\/www.brunoviaggi.it\/de\/home\/\"},{\"@type\":\"ListItem\",\"position\":2,\"name\":\"Insel Elba\",\"item\":\"https:\/\/www.brunoviaggi.it\/de\/insel-elba\/\"},{\"@type\":\"ListItem\",\"position\":3,\"name\":\"Gemeinde und D\u00f6rfer\"}]},{\"@type\":\"WebSite\",\"@id\":\"https:\/\/www.brunoviaggi.it\/de\/#website\",\"url\":\"https:\/\/www.brunoviaggi.it\/de\/\",\"name\":\"Agenzia Bruno Viaggi\",\"description\":\"Idee per le tue vacanze all&#039;Elba\",\"publisher\":{\"@id\":\"https:\/\/www.brunoviaggi.it\/de\/#organization\"},\"potentialAction\":[{\"@type\":\"SearchAction\",\"target\":{\"@type\":\"EntryPoint\",\"urlTemplate\":\"https:\/\/www.brunoviaggi.it\/de\/?s={search_term_string}\"},\"query-input\":{\"@type\":\"PropertyValueSpecification\",\"valueRequired\":true,\"valueName\":\"search_term_string\"}}],\"inLanguage\":\"de\"},{\"@type\":\"Organization\",\"@id\":\"https:\/\/www.brunoviaggi.it\/de\/#organization\",\"name\":\"Bruno Viaggi\",\"url\":\"https:\/\/www.brunoviaggi.it\/de\/\",\"logo\":{\"@type\":\"ImageObject\",\"inLanguage\":\"de\",\"@id\":\"https:\/\/www.brunoviaggi.it\/de\/#\/schema\/logo\/image\/\",\"url\":\"https:\/\/www.brunoviaggi.it\/wp-content\/uploads\/bruno-viaggi.png\",\"contentUrl\":\"https:\/\/www.brunoviaggi.it\/wp-content\/uploads\/bruno-viaggi.png\",\"width\":340,\"height\":143,\"caption\":\"Bruno Viaggi\"},\"image\":{\"@id\":\"https:\/\/www.brunoviaggi.it\/de\/#\/schema\/logo\/image\/\"}}]}<\/script>\n<!-- \/ Yoast SEO plugin. -->","yoast_head_json":{"title":"Gemeinde und D\u00f6rfer - Agenzia Bruno Viaggi, Insel Elba","description":"Elba heute in sieben Gemeinden unterteilt: Portoferraio, Campo nell'Elba, Rio, Marciana Marina, Marciana, Capoliveri und Porto Azzurro.","robots":{"index":"index","follow":"follow","max-snippet":"max-snippet:-1","max-image-preview":"max-image-preview:large","max-video-preview":"max-video-preview:-1"},"canonical":"https:\/\/www.brunoviaggi.it\/de\/insel-elba\/gemeinde-und-doerfer\/","og_locale":"de_DE","og_type":"article","og_title":"Gemeinde und D\u00f6rfer - Agenzia Bruno Viaggi, Insel Elba","og_description":"Elba heute in sieben Gemeinden unterteilt: Portoferraio, Campo nell'Elba, Rio, Marciana Marina, Marciana, Capoliveri und Porto Azzurro.","og_url":"https:\/\/www.brunoviaggi.it\/de\/insel-elba\/gemeinde-und-doerfer\/","og_site_name":"Agenzia Bruno Viaggi","article_modified_time":"2021-04-19T08:57:23+00:00","twitter_card":"summary_large_image","twitter_misc":{"Gesch\u00e4tzte Lesezeit":"1\u00a0Minute"},"schema":{"@context":"https:\/\/schema.org","@graph":[{"@type":"WebPage","@id":"https:\/\/www.brunoviaggi.it\/de\/insel-elba\/gemeinde-und-doerfer\/","url":"https:\/\/www.brunoviaggi.it\/de\/insel-elba\/gemeinde-und-doerfer\/","name":"Gemeinde und D\u00f6rfer - Agenzia Bruno Viaggi, Insel Elba","isPartOf":{"@id":"https:\/\/www.brunoviaggi.it\/de\/#website"},"datePublished":"2021-04-02T14:16:02+00:00","dateModified":"2021-04-19T08:57:23+00:00","description":"Elba heute in sieben Gemeinden unterteilt: Portoferraio, Campo nell'Elba, Rio, Marciana Marina, Marciana, Capoliveri und Porto Azzurro.","breadcrumb":{"@id":"https:\/\/www.brunoviaggi.it\/de\/insel-elba\/gemeinde-und-doerfer\/#breadcrumb"},"inLanguage":"de","potentialAction":[{"@type":"ReadAction","target":["https:\/\/www.brunoviaggi.it\/de\/insel-elba\/gemeinde-und-doerfer\/"]}]},{"@type":"BreadcrumbList","@id":"https:\/\/www.brunoviaggi.it\/de\/insel-elba\/gemeinde-und-doerfer\/#breadcrumb","itemListElement":[{"@type":"ListItem","position":1,"name":"Home","item":"https:\/\/www.brunoviaggi.it\/de\/home\/"},{"@type":"ListItem","position":2,"name":"Insel Elba","item":"https:\/\/www.brunoviaggi.it\/de\/insel-elba\/"},{"@type":"ListItem","position":3,"name":"Gemeinde und D\u00f6rfer"}]},{"@type":"WebSite","@id":"https:\/\/www.brunoviaggi.it\/de\/#website","url":"https:\/\/www.brunoviaggi.it\/de\/","name":"Agenzia Bruno Viaggi","description":"Idee per le tue vacanze all&#039;Elba","publisher":{"@id":"https:\/\/www.brunoviaggi.it\/de\/#organization"},"potentialAction":[{"@type":"SearchAction","target":{"@type":"EntryPoint","urlTemplate":"https:\/\/www.brunoviaggi.it\/de\/?s={search_term_string}"},"query-input":{"@type":"PropertyValueSpecification","valueRequired":true,"valueName":"search_term_string"}}],"inLanguage":"de"},{"@type":"Organization","@id":"https:\/\/www.brunoviaggi.it\/de\/#organization","name":"Bruno Viaggi","url":"https:\/\/www.brunoviaggi.it\/de\/","logo":{"@type":"ImageObject","inLanguage":"de","@id":"https:\/\/www.brunoviaggi.it\/de\/#\/schema\/logo\/image\/","url":"https:\/\/www.brunoviaggi.it\/wp-content\/uploads\/bruno-viaggi.png","contentUrl":"https:\/\/www.brunoviaggi.it\/wp-content\/uploads\/bruno-viaggi.png","width":340,"height":143,"caption":"Bruno Viaggi"},"image":{"@id":"https:\/\/www.brunoviaggi.it\/de\/#\/schema\/logo\/image\/"}}]}},"_links":{"self":[{"href":"https:\/\/www.brunoviaggi.it\/de\/wp-json\/wp\/v2\/pages\/2702","targetHints":{"allow":["GET"]}}],"collection":[{"href":"https:\/\/www.brunoviaggi.it\/de\/wp-json\/wp\/v2\/pages"}],"about":[{"href":"https:\/\/www.brunoviaggi.it\/de\/wp-json\/wp\/v2\/types\/page"}],"author":[{"embeddable":true,"href":"https:\/\/www.brunoviaggi.it\/de\/wp-json\/wp\/v2\/users\/1"}],"replies":[{"embeddable":true,"href":"https:\/\/www.brunoviaggi.it\/de\/wp-json\/wp\/v2\/comments?post=2702"}],"version-history":[{"count":7,"href":"https:\/\/www.brunoviaggi.it\/de\/wp-json\/wp\/v2\/pages\/2702\/revisions"}],"predecessor-version":[{"id":2710,"href":"https:\/\/www.brunoviaggi.it\/de\/wp-json\/wp\/v2\/pages\/2702\/revisions\/2710"}],"up":[{"embeddable":true,"href":"https:\/\/www.brunoviaggi.it\/de\/wp-json\/wp\/v2\/pages\/2662"}],"wp:attachment":[{"href":"https:\/\/www.brunoviaggi.it\/de\/wp-json\/wp\/v2\/media?parent=2702"}],"curies":[{"name":"wp","href":"https:\/\/api.w.org\/{rel}","templated":true}]}}