{"id":2675,"date":"2021-04-02T16:11:46","date_gmt":"2021-04-02T14:11:46","guid":{"rendered":"https:\/\/www.brunoviaggi.it\/insel-elba\/elba-nella-storia\/"},"modified":"2021-04-19T10:43:06","modified_gmt":"2021-04-19T08:43:06","slug":"elba-in-der-geschichte","status":"publish","type":"page","link":"https:\/\/www.brunoviaggi.it\/de\/insel-elba\/elba-in-der-geschichte\/","title":{"rendered":"Elba in der Geschichte"},"content":{"rendered":"\t\t<div data-elementor-type=\"wp-page\" data-elementor-id=\"2675\" class=\"elementor elementor-2675 elementor-1860\">\n\t\t\t\t\t\t<section class=\"elementor-section elementor-top-section elementor-element elementor-element-74a640d4 elementor-section-boxed elementor-section-height-default elementor-section-height-default\" data-id=\"74a640d4\" data-element_type=\"section\">\n\t\t\t\t\t\t<div class=\"elementor-container elementor-column-gap-default\">\n\t\t\t\t\t<div class=\"elementor-column elementor-col-100 elementor-top-column elementor-element elementor-element-21fa2fcd ot-flex-column-vertical\" data-id=\"21fa2fcd\" data-element_type=\"column\">\n\t\t\t<div class=\"elementor-widget-wrap elementor-element-populated\">\n\t\t\t\t\t\t<div class=\"elementor-element elementor-element-127ca7b3 elementor-widget elementor-widget-heading\" data-id=\"127ca7b3\" data-element_type=\"widget\" data-widget_type=\"heading.default\">\n\t\t\t\t<div class=\"elementor-widget-container\">\n\t\t\t\t\t<h5 class=\"elementor-heading-title elementor-size-default\">Elba in der Geschichte<\/h5>\t\t\t\t<\/div>\n\t\t\t\t<\/div>\n\t\t\t\t<div class=\"elementor-element elementor-element-2d6f6d6b elementor-widget elementor-widget-text-editor\" data-id=\"2d6f6d6b\" data-element_type=\"widget\" data-widget_type=\"text-editor.default\">\n\t\t\t\t<div class=\"elementor-widget-container\">\n\t\t\t\t\t\t\t\t\t<p>Die Insel Elba ist die gr\u00f6\u00dfte der Inseln des <b>toskanischen Archipels<\/b> und die drittgr\u00f6\u00dfte Insel Italiens. Eine Ecke des Paradieses, die eine einzigartige nat\u00fcrliche Sch\u00f6nheit bietet und die nur wenige andere Touristenziele auf der Welt bieten k\u00f6nnen. Eine Insel, die reich an Geschichte und Zeugnissen ist und die vielen Bev\u00f6lkerungsgruppen bewohnt wurde.<\/p><p>Elba wurde seit pr\u00e4historischen Zeiten bewohnt und als strategisches Gebiet f\u00fcr die Kontrolle des Tyrrhenischen Meeres angesehen. Sie wurde von den Liguriern ausgebeutet und dominiert, welche sie &#8222;Ilva&#8220; nannten, gefolgt von den Griechen, die sie in &#8222;Aethalia&#8220; umbenannten, und dann waren die Etrusker an der Reihe, die unter allen Bev\u00f6lkerungsgruppen den Reichtum ihrer Eisenminen am meisten ausbeuteten. Elba ging sp\u00e4ter in die H\u00e4nde der <b>R\u00f6mer<\/b> \u00fcber, die sich dort einige Jahrhunderte lang niederlie\u00dfen, und den Granit des <b>Monte-Capanne-Massivs<\/b> nutzten, um wichtige Denkm\u00e4ler zu errichten, die in ganz Europa noch vorhanden sind, wie das Kolosseum und das Phanteon. In dieser Zeit begannen die Menschen auch den Wein von Elba zu sch\u00e4tzen, der entlang der italienischen K\u00fcste und bis nach Rom exportiert wurde.<\/p><p>Im Mittelalter wurde sie von den Pisanern und dann von den <b>Appiani und den Medici<\/b> dominiert. Unausl\u00f6schliche Spuren hinterlie\u00dfen die Medici vor allem in Portoferraio Die Festung wurde zu Ehren von Cosimo de Medici, Cosmopoli genannt. Die Spanier hinterlie\u00dfen auch wichtige Spuren wie die Festung San Giacomo und das Forte Focardo in Porto Azzurro.<\/p><p>Schlie\u00dflich blieb <b>Napoleon Bonaparte<\/b> dort und regierte die Insel Elba von 1814 bis 1815 f\u00fcr 9 Monate und 23 Tage. Er hinterlie\u00df zahlreiche Erinnerungen, die heute als Museum genutzt werden, wie in der Palazzina dei Mulini, in der Villa von San Martino und in den alten Kirchen von Portoferraio.<\/p>\t\t\t\t\t\t\t\t<\/div>\n\t\t\t\t<\/div>\n\t\t\t\t\t<\/div>\n\t\t<\/div>\n\t\t\t\t\t<\/div>\n\t\t<\/section>\n\t\t\t\t<\/div>\n\t\t","protected":false},"excerpt":{"rendered":"<p>Elba in der Geschichte Die Insel Elba ist die gr\u00f6\u00dfte der Inseln des toskanischen Archipels und die drittgr\u00f6\u00dfte Insel Italiens. Eine Ecke des Paradieses, die eine einzigartige nat\u00fcrliche Sch\u00f6nheit bietet und die nur wenige andere Touristenziele auf der Welt bieten k\u00f6nnen. Eine Insel, die reich an Geschichte und Zeugnissen ist und die vielen Bev\u00f6lkerungsgruppen bewohnt [&hellip;]<\/p>\n","protected":false},"author":1,"featured_media":0,"parent":2662,"menu_order":1,"comment_status":"closed","ping_status":"closed","template":"","meta":{"footnotes":""},"class_list":["post-2675","page","type-page","status-publish","hentry"],"yoast_head":"<!-- This site is optimized with the Yoast SEO plugin v26.5 - https:\/\/yoast.com\/wordpress\/plugins\/seo\/ -->\n<title>Elba in der Geschichte - Agenzia Bruno Viaggi, Insel Elba<\/title>\n<meta name=\"description\" content=\"Die Insel Elba ist die gr\u00f6\u00dfte der Inseln des toskanischen Archipels und die drittgr\u00f6\u00dfte Insel Italiens.\" \/>\n<meta name=\"robots\" content=\"index, follow, max-snippet:-1, max-image-preview:large, max-video-preview:-1\" \/>\n<link rel=\"canonical\" href=\"https:\/\/www.brunoviaggi.it\/de\/insel-elba\/elba-in-der-geschichte\/\" \/>\n<meta property=\"og:locale\" content=\"de_DE\" \/>\n<meta property=\"og:type\" content=\"article\" \/>\n<meta property=\"og:title\" content=\"Elba in der Geschichte - Agenzia Bruno Viaggi, Insel Elba\" \/>\n<meta property=\"og:description\" content=\"Die Insel Elba ist die gr\u00f6\u00dfte der Inseln des toskanischen Archipels und die drittgr\u00f6\u00dfte Insel Italiens.\" \/>\n<meta property=\"og:url\" content=\"https:\/\/www.brunoviaggi.it\/de\/insel-elba\/elba-in-der-geschichte\/\" \/>\n<meta property=\"og:site_name\" content=\"Agenzia Bruno Viaggi\" \/>\n<meta property=\"article:modified_time\" content=\"2021-04-19T08:43:06+00:00\" \/>\n<meta name=\"twitter:card\" content=\"summary_large_image\" \/>\n<meta name=\"twitter:label1\" content=\"Gesch\u00e4tzte Lesezeit\" \/>\n\t<meta name=\"twitter:data1\" content=\"2\u00a0Minuten\" \/>\n<script type=\"application\/ld+json\" class=\"yoast-schema-graph\">{\"@context\":\"https:\/\/schema.org\",\"@graph\":[{\"@type\":\"WebPage\",\"@id\":\"https:\/\/www.brunoviaggi.it\/de\/insel-elba\/elba-in-der-geschichte\/\",\"url\":\"https:\/\/www.brunoviaggi.it\/de\/insel-elba\/elba-in-der-geschichte\/\",\"name\":\"Elba in der Geschichte - Agenzia Bruno Viaggi, Insel Elba\",\"isPartOf\":{\"@id\":\"https:\/\/www.brunoviaggi.it\/de\/#website\"},\"datePublished\":\"2021-04-02T14:11:46+00:00\",\"dateModified\":\"2021-04-19T08:43:06+00:00\",\"description\":\"Die Insel Elba ist die gr\u00f6\u00dfte der Inseln des toskanischen Archipels und die drittgr\u00f6\u00dfte Insel Italiens.\",\"breadcrumb\":{\"@id\":\"https:\/\/www.brunoviaggi.it\/de\/insel-elba\/elba-in-der-geschichte\/#breadcrumb\"},\"inLanguage\":\"de\",\"potentialAction\":[{\"@type\":\"ReadAction\",\"target\":[\"https:\/\/www.brunoviaggi.it\/de\/insel-elba\/elba-in-der-geschichte\/\"]}]},{\"@type\":\"BreadcrumbList\",\"@id\":\"https:\/\/www.brunoviaggi.it\/de\/insel-elba\/elba-in-der-geschichte\/#breadcrumb\",\"itemListElement\":[{\"@type\":\"ListItem\",\"position\":1,\"name\":\"Home\",\"item\":\"https:\/\/www.brunoviaggi.it\/de\/home\/\"},{\"@type\":\"ListItem\",\"position\":2,\"name\":\"Insel Elba\",\"item\":\"https:\/\/www.brunoviaggi.it\/de\/insel-elba\/\"},{\"@type\":\"ListItem\",\"position\":3,\"name\":\"Elba in der Geschichte\"}]},{\"@type\":\"WebSite\",\"@id\":\"https:\/\/www.brunoviaggi.it\/de\/#website\",\"url\":\"https:\/\/www.brunoviaggi.it\/de\/\",\"name\":\"Agenzia Bruno Viaggi\",\"description\":\"Idee per le tue vacanze all&#039;Elba\",\"publisher\":{\"@id\":\"https:\/\/www.brunoviaggi.it\/de\/#organization\"},\"potentialAction\":[{\"@type\":\"SearchAction\",\"target\":{\"@type\":\"EntryPoint\",\"urlTemplate\":\"https:\/\/www.brunoviaggi.it\/de\/?s={search_term_string}\"},\"query-input\":{\"@type\":\"PropertyValueSpecification\",\"valueRequired\":true,\"valueName\":\"search_term_string\"}}],\"inLanguage\":\"de\"},{\"@type\":\"Organization\",\"@id\":\"https:\/\/www.brunoviaggi.it\/de\/#organization\",\"name\":\"Bruno Viaggi\",\"url\":\"https:\/\/www.brunoviaggi.it\/de\/\",\"logo\":{\"@type\":\"ImageObject\",\"inLanguage\":\"de\",\"@id\":\"https:\/\/www.brunoviaggi.it\/de\/#\/schema\/logo\/image\/\",\"url\":\"https:\/\/www.brunoviaggi.it\/wp-content\/uploads\/bruno-viaggi.png\",\"contentUrl\":\"https:\/\/www.brunoviaggi.it\/wp-content\/uploads\/bruno-viaggi.png\",\"width\":340,\"height\":143,\"caption\":\"Bruno Viaggi\"},\"image\":{\"@id\":\"https:\/\/www.brunoviaggi.it\/de\/#\/schema\/logo\/image\/\"}}]}<\/script>\n<!-- \/ Yoast SEO plugin. -->","yoast_head_json":{"title":"Elba in der Geschichte - Agenzia Bruno Viaggi, Insel Elba","description":"Die Insel Elba ist die gr\u00f6\u00dfte der Inseln des toskanischen Archipels und die drittgr\u00f6\u00dfte Insel Italiens.","robots":{"index":"index","follow":"follow","max-snippet":"max-snippet:-1","max-image-preview":"max-image-preview:large","max-video-preview":"max-video-preview:-1"},"canonical":"https:\/\/www.brunoviaggi.it\/de\/insel-elba\/elba-in-der-geschichte\/","og_locale":"de_DE","og_type":"article","og_title":"Elba in der Geschichte - Agenzia Bruno Viaggi, Insel Elba","og_description":"Die Insel Elba ist die gr\u00f6\u00dfte der Inseln des toskanischen Archipels und die drittgr\u00f6\u00dfte Insel Italiens.","og_url":"https:\/\/www.brunoviaggi.it\/de\/insel-elba\/elba-in-der-geschichte\/","og_site_name":"Agenzia Bruno Viaggi","article_modified_time":"2021-04-19T08:43:06+00:00","twitter_card":"summary_large_image","twitter_misc":{"Gesch\u00e4tzte Lesezeit":"2\u00a0Minuten"},"schema":{"@context":"https:\/\/schema.org","@graph":[{"@type":"WebPage","@id":"https:\/\/www.brunoviaggi.it\/de\/insel-elba\/elba-in-der-geschichte\/","url":"https:\/\/www.brunoviaggi.it\/de\/insel-elba\/elba-in-der-geschichte\/","name":"Elba in der Geschichte - Agenzia Bruno Viaggi, Insel Elba","isPartOf":{"@id":"https:\/\/www.brunoviaggi.it\/de\/#website"},"datePublished":"2021-04-02T14:11:46+00:00","dateModified":"2021-04-19T08:43:06+00:00","description":"Die Insel Elba ist die gr\u00f6\u00dfte der Inseln des toskanischen Archipels und die drittgr\u00f6\u00dfte Insel Italiens.","breadcrumb":{"@id":"https:\/\/www.brunoviaggi.it\/de\/insel-elba\/elba-in-der-geschichte\/#breadcrumb"},"inLanguage":"de","potentialAction":[{"@type":"ReadAction","target":["https:\/\/www.brunoviaggi.it\/de\/insel-elba\/elba-in-der-geschichte\/"]}]},{"@type":"BreadcrumbList","@id":"https:\/\/www.brunoviaggi.it\/de\/insel-elba\/elba-in-der-geschichte\/#breadcrumb","itemListElement":[{"@type":"ListItem","position":1,"name":"Home","item":"https:\/\/www.brunoviaggi.it\/de\/home\/"},{"@type":"ListItem","position":2,"name":"Insel Elba","item":"https:\/\/www.brunoviaggi.it\/de\/insel-elba\/"},{"@type":"ListItem","position":3,"name":"Elba in der Geschichte"}]},{"@type":"WebSite","@id":"https:\/\/www.brunoviaggi.it\/de\/#website","url":"https:\/\/www.brunoviaggi.it\/de\/","name":"Agenzia Bruno Viaggi","description":"Idee per le tue vacanze all&#039;Elba","publisher":{"@id":"https:\/\/www.brunoviaggi.it\/de\/#organization"},"potentialAction":[{"@type":"SearchAction","target":{"@type":"EntryPoint","urlTemplate":"https:\/\/www.brunoviaggi.it\/de\/?s={search_term_string}"},"query-input":{"@type":"PropertyValueSpecification","valueRequired":true,"valueName":"search_term_string"}}],"inLanguage":"de"},{"@type":"Organization","@id":"https:\/\/www.brunoviaggi.it\/de\/#organization","name":"Bruno Viaggi","url":"https:\/\/www.brunoviaggi.it\/de\/","logo":{"@type":"ImageObject","inLanguage":"de","@id":"https:\/\/www.brunoviaggi.it\/de\/#\/schema\/logo\/image\/","url":"https:\/\/www.brunoviaggi.it\/wp-content\/uploads\/bruno-viaggi.png","contentUrl":"https:\/\/www.brunoviaggi.it\/wp-content\/uploads\/bruno-viaggi.png","width":340,"height":143,"caption":"Bruno Viaggi"},"image":{"@id":"https:\/\/www.brunoviaggi.it\/de\/#\/schema\/logo\/image\/"}}]}},"_links":{"self":[{"href":"https:\/\/www.brunoviaggi.it\/de\/wp-json\/wp\/v2\/pages\/2675","targetHints":{"allow":["GET"]}}],"collection":[{"href":"https:\/\/www.brunoviaggi.it\/de\/wp-json\/wp\/v2\/pages"}],"about":[{"href":"https:\/\/www.brunoviaggi.it\/de\/wp-json\/wp\/v2\/types\/page"}],"author":[{"embeddable":true,"href":"https:\/\/www.brunoviaggi.it\/de\/wp-json\/wp\/v2\/users\/1"}],"replies":[{"embeddable":true,"href":"https:\/\/www.brunoviaggi.it\/de\/wp-json\/wp\/v2\/comments?post=2675"}],"version-history":[{"count":7,"href":"https:\/\/www.brunoviaggi.it\/de\/wp-json\/wp\/v2\/pages\/2675\/revisions"}],"predecessor-version":[{"id":2682,"href":"https:\/\/www.brunoviaggi.it\/de\/wp-json\/wp\/v2\/pages\/2675\/revisions\/2682"}],"up":[{"embeddable":true,"href":"https:\/\/www.brunoviaggi.it\/de\/wp-json\/wp\/v2\/pages\/2662"}],"wp:attachment":[{"href":"https:\/\/www.brunoviaggi.it\/de\/wp-json\/wp\/v2\/media?parent=2675"}],"curies":[{"name":"wp","href":"https:\/\/api.w.org\/{rel}","templated":true}]}}