{"id":2649,"date":"2021-03-24T14:28:27","date_gmt":"2021-03-24T13:28:27","guid":{"rendered":"https:\/\/www.brunoviaggi.it\/soggiorni-in-hotel\/"},"modified":"2021-04-19T10:22:40","modified_gmt":"2021-04-19T08:22:40","slug":"uebernachtung-im-hotel","status":"publish","type":"page","link":"https:\/\/www.brunoviaggi.it\/de\/uebernachtung-im-hotel\/","title":{"rendered":"\u00dcbernachtung im Hotel"},"content":{"rendered":"\t\t<div data-elementor-type=\"wp-page\" data-elementor-id=\"2649\" class=\"elementor elementor-2649 elementor-1720\">\n\t\t\t\t\t\t<section class=\"elementor-section elementor-top-section elementor-element elementor-element-23c5ba48 elementor-section-boxed elementor-section-height-default elementor-section-height-default\" data-id=\"23c5ba48\" data-element_type=\"section\">\n\t\t\t\t\t\t<div class=\"elementor-container elementor-column-gap-default\">\n\t\t\t\t\t<div class=\"elementor-column elementor-col-100 elementor-top-column elementor-element elementor-element-458817c4 ot-flex-column-vertical\" data-id=\"458817c4\" data-element_type=\"column\">\n\t\t\t<div class=\"elementor-widget-wrap elementor-element-populated\">\n\t\t\t\t\t\t<div class=\"elementor-element elementor-element-3e9fd50c elementor-widget elementor-widget-heading\" data-id=\"3e9fd50c\" data-element_type=\"widget\" data-widget_type=\"heading.default\">\n\t\t\t\t<div class=\"elementor-widget-container\">\n\t\t\t\t\t<h5 class=\"elementor-heading-title elementor-size-default\">\u00dcbernachtung im Hotel<\/h5>\t\t\t\t<\/div>\n\t\t\t\t<\/div>\n\t\t\t\t<div class=\"elementor-element elementor-element-627d13d3 elementor-widget elementor-widget-text-editor\" data-id=\"627d13d3\" data-element_type=\"widget\" data-widget_type=\"text-editor.default\">\n\t\t\t\t<div class=\"elementor-widget-container\">\n\t\t\t\t\t\t\t\t\t<p>F\u00fcr Touristen, die in <b>Hotels auf der Insel Elba<\/b> \u00fcbernachten m\u00f6chten, mit dem Gedanken, einen komfortablen, ruhigen und erholsamen Urlaub im Namen von Service und Gastfreundschaft zu verbringen, haben wir f\u00fcr Sie die besten Hotels in Elba ausgew\u00e4hlt, die sich in verschiedenen Touristischen Standorten befinden.<\/p><p>Die meisten Hotels befinden sich in <b>strategischer Lage<\/b> in der N\u00e4he des Meeres und bieten den gr\u00f6\u00dften Komfort. Auf der Insel Elba sind alle <b>Hotelklassen<\/b> vertreten, von Ein-Sterne-Hotels bis zu <b>F\u00fcnf-Sterne-Hotels<\/b>. In den letzten Jahren wurden auch liebensw\u00fcrdige Bed &amp; Breakfasts kreiert, oft von bescheidener Gr\u00f6\u00dfe und familiengef\u00fchrt, damit Sie sich wohl und zu Hause f\u00fchlen.<\/p><p>F\u00fcr weitere Informationen helfen wir Ihnen gerne weiter und beantworten alle Ihre Fragen.<\/p>\t\t\t\t\t\t\t\t<\/div>\n\t\t\t\t<\/div>\n\t\t\t\t\t<\/div>\n\t\t<\/div>\n\t\t\t\t\t<\/div>\n\t\t<\/section>\n\t\t\t\t<\/div>\n\t\t","protected":false},"excerpt":{"rendered":"<p>\u00dcbernachtung im Hotel F\u00fcr Touristen, die in Hotels auf der Insel Elba \u00fcbernachten m\u00f6chten, mit dem Gedanken, einen komfortablen, ruhigen und erholsamen Urlaub im Namen von Service und Gastfreundschaft zu verbringen, haben wir f\u00fcr Sie die besten Hotels in Elba ausgew\u00e4hlt, die sich in verschiedenen Touristischen Standorten befinden. Die meisten Hotels befinden sich in strategischer [&hellip;]<\/p>\n","protected":false},"author":1,"featured_media":0,"parent":0,"menu_order":2,"comment_status":"closed","ping_status":"closed","template":"","meta":{"footnotes":""},"class_list":["post-2649","page","type-page","status-publish","hentry"],"yoast_head":"<!-- This site is optimized with the Yoast SEO plugin v26.5 - https:\/\/yoast.com\/wordpress\/plugins\/seo\/ -->\n<title>\u00dcbernachtung im Hotel - Agenzia Bruno Viaggi, Insel Elba<\/title>\n<meta name=\"description\" content=\"F\u00fcr Touristen, die in Hotels auf der Insel Elba \u00fcbernachten m\u00f6chten haben wir f\u00fcr Sie die besten Hotels in Elba ausgew\u00e4hlt.\" \/>\n<meta name=\"robots\" content=\"index, follow, max-snippet:-1, max-image-preview:large, max-video-preview:-1\" \/>\n<link rel=\"canonical\" href=\"https:\/\/www.brunoviaggi.it\/de\/uebernachtung-im-hotel\/\" \/>\n<meta property=\"og:locale\" content=\"de_DE\" \/>\n<meta property=\"og:type\" content=\"article\" \/>\n<meta property=\"og:title\" content=\"\u00dcbernachtung im Hotel - Agenzia Bruno Viaggi, Insel Elba\" \/>\n<meta property=\"og:description\" content=\"F\u00fcr Touristen, die in Hotels auf der Insel Elba \u00fcbernachten m\u00f6chten haben wir f\u00fcr Sie die besten Hotels in Elba ausgew\u00e4hlt.\" \/>\n<meta property=\"og:url\" content=\"https:\/\/www.brunoviaggi.it\/de\/uebernachtung-im-hotel\/\" \/>\n<meta property=\"og:site_name\" content=\"Agenzia Bruno Viaggi\" \/>\n<meta property=\"article:modified_time\" content=\"2021-04-19T08:22:40+00:00\" \/>\n<meta name=\"twitter:card\" content=\"summary_large_image\" \/>\n<meta name=\"twitter:label1\" content=\"Gesch\u00e4tzte Lesezeit\" \/>\n\t<meta name=\"twitter:data1\" content=\"1\u00a0Minute\" \/>\n<script type=\"application\/ld+json\" class=\"yoast-schema-graph\">{\"@context\":\"https:\/\/schema.org\",\"@graph\":[{\"@type\":\"WebPage\",\"@id\":\"https:\/\/www.brunoviaggi.it\/de\/uebernachtung-im-hotel\/\",\"url\":\"https:\/\/www.brunoviaggi.it\/de\/uebernachtung-im-hotel\/\",\"name\":\"\u00dcbernachtung im Hotel - Agenzia Bruno Viaggi, Insel Elba\",\"isPartOf\":{\"@id\":\"https:\/\/www.brunoviaggi.it\/de\/#website\"},\"datePublished\":\"2021-03-24T13:28:27+00:00\",\"dateModified\":\"2021-04-19T08:22:40+00:00\",\"description\":\"F\u00fcr Touristen, die in Hotels auf der Insel Elba \u00fcbernachten m\u00f6chten haben wir f\u00fcr Sie die besten Hotels in Elba ausgew\u00e4hlt.\",\"breadcrumb\":{\"@id\":\"https:\/\/www.brunoviaggi.it\/de\/uebernachtung-im-hotel\/#breadcrumb\"},\"inLanguage\":\"de\",\"potentialAction\":[{\"@type\":\"ReadAction\",\"target\":[\"https:\/\/www.brunoviaggi.it\/de\/uebernachtung-im-hotel\/\"]}]},{\"@type\":\"BreadcrumbList\",\"@id\":\"https:\/\/www.brunoviaggi.it\/de\/uebernachtung-im-hotel\/#breadcrumb\",\"itemListElement\":[{\"@type\":\"ListItem\",\"position\":1,\"name\":\"Home\",\"item\":\"https:\/\/www.brunoviaggi.it\/de\/home\/\"},{\"@type\":\"ListItem\",\"position\":2,\"name\":\"\u00dcbernachtung im Hotel\"}]},{\"@type\":\"WebSite\",\"@id\":\"https:\/\/www.brunoviaggi.it\/de\/#website\",\"url\":\"https:\/\/www.brunoviaggi.it\/de\/\",\"name\":\"Agenzia Bruno Viaggi\",\"description\":\"Idee per le tue vacanze all&#039;Elba\",\"publisher\":{\"@id\":\"https:\/\/www.brunoviaggi.it\/de\/#organization\"},\"potentialAction\":[{\"@type\":\"SearchAction\",\"target\":{\"@type\":\"EntryPoint\",\"urlTemplate\":\"https:\/\/www.brunoviaggi.it\/de\/?s={search_term_string}\"},\"query-input\":{\"@type\":\"PropertyValueSpecification\",\"valueRequired\":true,\"valueName\":\"search_term_string\"}}],\"inLanguage\":\"de\"},{\"@type\":\"Organization\",\"@id\":\"https:\/\/www.brunoviaggi.it\/de\/#organization\",\"name\":\"Bruno Viaggi\",\"url\":\"https:\/\/www.brunoviaggi.it\/de\/\",\"logo\":{\"@type\":\"ImageObject\",\"inLanguage\":\"de\",\"@id\":\"https:\/\/www.brunoviaggi.it\/de\/#\/schema\/logo\/image\/\",\"url\":\"https:\/\/www.brunoviaggi.it\/wp-content\/uploads\/bruno-viaggi.png\",\"contentUrl\":\"https:\/\/www.brunoviaggi.it\/wp-content\/uploads\/bruno-viaggi.png\",\"width\":340,\"height\":143,\"caption\":\"Bruno Viaggi\"},\"image\":{\"@id\":\"https:\/\/www.brunoviaggi.it\/de\/#\/schema\/logo\/image\/\"}}]}<\/script>\n<!-- \/ Yoast SEO plugin. -->","yoast_head_json":{"title":"\u00dcbernachtung im Hotel - Agenzia Bruno Viaggi, Insel Elba","description":"F\u00fcr Touristen, die in Hotels auf der Insel Elba \u00fcbernachten m\u00f6chten haben wir f\u00fcr Sie die besten Hotels in Elba ausgew\u00e4hlt.","robots":{"index":"index","follow":"follow","max-snippet":"max-snippet:-1","max-image-preview":"max-image-preview:large","max-video-preview":"max-video-preview:-1"},"canonical":"https:\/\/www.brunoviaggi.it\/de\/uebernachtung-im-hotel\/","og_locale":"de_DE","og_type":"article","og_title":"\u00dcbernachtung im Hotel - Agenzia Bruno Viaggi, Insel Elba","og_description":"F\u00fcr Touristen, die in Hotels auf der Insel Elba \u00fcbernachten m\u00f6chten haben wir f\u00fcr Sie die besten Hotels in Elba ausgew\u00e4hlt.","og_url":"https:\/\/www.brunoviaggi.it\/de\/uebernachtung-im-hotel\/","og_site_name":"Agenzia Bruno Viaggi","article_modified_time":"2021-04-19T08:22:40+00:00","twitter_card":"summary_large_image","twitter_misc":{"Gesch\u00e4tzte Lesezeit":"1\u00a0Minute"},"schema":{"@context":"https:\/\/schema.org","@graph":[{"@type":"WebPage","@id":"https:\/\/www.brunoviaggi.it\/de\/uebernachtung-im-hotel\/","url":"https:\/\/www.brunoviaggi.it\/de\/uebernachtung-im-hotel\/","name":"\u00dcbernachtung im Hotel - Agenzia Bruno Viaggi, Insel Elba","isPartOf":{"@id":"https:\/\/www.brunoviaggi.it\/de\/#website"},"datePublished":"2021-03-24T13:28:27+00:00","dateModified":"2021-04-19T08:22:40+00:00","description":"F\u00fcr Touristen, die in Hotels auf der Insel Elba \u00fcbernachten m\u00f6chten haben wir f\u00fcr Sie die besten Hotels in Elba ausgew\u00e4hlt.","breadcrumb":{"@id":"https:\/\/www.brunoviaggi.it\/de\/uebernachtung-im-hotel\/#breadcrumb"},"inLanguage":"de","potentialAction":[{"@type":"ReadAction","target":["https:\/\/www.brunoviaggi.it\/de\/uebernachtung-im-hotel\/"]}]},{"@type":"BreadcrumbList","@id":"https:\/\/www.brunoviaggi.it\/de\/uebernachtung-im-hotel\/#breadcrumb","itemListElement":[{"@type":"ListItem","position":1,"name":"Home","item":"https:\/\/www.brunoviaggi.it\/de\/home\/"},{"@type":"ListItem","position":2,"name":"\u00dcbernachtung im Hotel"}]},{"@type":"WebSite","@id":"https:\/\/www.brunoviaggi.it\/de\/#website","url":"https:\/\/www.brunoviaggi.it\/de\/","name":"Agenzia Bruno Viaggi","description":"Idee per le tue vacanze all&#039;Elba","publisher":{"@id":"https:\/\/www.brunoviaggi.it\/de\/#organization"},"potentialAction":[{"@type":"SearchAction","target":{"@type":"EntryPoint","urlTemplate":"https:\/\/www.brunoviaggi.it\/de\/?s={search_term_string}"},"query-input":{"@type":"PropertyValueSpecification","valueRequired":true,"valueName":"search_term_string"}}],"inLanguage":"de"},{"@type":"Organization","@id":"https:\/\/www.brunoviaggi.it\/de\/#organization","name":"Bruno Viaggi","url":"https:\/\/www.brunoviaggi.it\/de\/","logo":{"@type":"ImageObject","inLanguage":"de","@id":"https:\/\/www.brunoviaggi.it\/de\/#\/schema\/logo\/image\/","url":"https:\/\/www.brunoviaggi.it\/wp-content\/uploads\/bruno-viaggi.png","contentUrl":"https:\/\/www.brunoviaggi.it\/wp-content\/uploads\/bruno-viaggi.png","width":340,"height":143,"caption":"Bruno Viaggi"},"image":{"@id":"https:\/\/www.brunoviaggi.it\/de\/#\/schema\/logo\/image\/"}}]}},"_links":{"self":[{"href":"https:\/\/www.brunoviaggi.it\/de\/wp-json\/wp\/v2\/pages\/2649","targetHints":{"allow":["GET"]}}],"collection":[{"href":"https:\/\/www.brunoviaggi.it\/de\/wp-json\/wp\/v2\/pages"}],"about":[{"href":"https:\/\/www.brunoviaggi.it\/de\/wp-json\/wp\/v2\/types\/page"}],"author":[{"embeddable":true,"href":"https:\/\/www.brunoviaggi.it\/de\/wp-json\/wp\/v2\/users\/1"}],"replies":[{"embeddable":true,"href":"https:\/\/www.brunoviaggi.it\/de\/wp-json\/wp\/v2\/comments?post=2649"}],"version-history":[{"count":7,"href":"https:\/\/www.brunoviaggi.it\/de\/wp-json\/wp\/v2\/pages\/2649\/revisions"}],"predecessor-version":[{"id":2657,"href":"https:\/\/www.brunoviaggi.it\/de\/wp-json\/wp\/v2\/pages\/2649\/revisions\/2657"}],"wp:attachment":[{"href":"https:\/\/www.brunoviaggi.it\/de\/wp-json\/wp\/v2\/media?parent=2649"}],"curies":[{"name":"wp","href":"https:\/\/api.w.org\/{rel}","templated":true}]}}