{"id":2633,"date":"2021-03-24T14:24:13","date_gmt":"2021-03-24T13:24:13","guid":{"rendered":"https:\/\/www.brunoviaggi.it\/haeuser-auf-elba\/case-a-marina-di-campo\/"},"modified":"2021-04-19T10:14:33","modified_gmt":"2021-04-19T08:14:33","slug":"haeuser-in-marina-di-campo","status":"publish","type":"page","link":"https:\/\/www.brunoviaggi.it\/de\/haeuser-auf-elba\/haeuser-in-marina-di-campo\/","title":{"rendered":"H\u00e4user in Marina di Campo"},"content":{"rendered":"\t\t<div data-elementor-type=\"wp-page\" data-elementor-id=\"2633\" class=\"elementor elementor-2633 elementor-1710\">\n\t\t\t\t\t\t<section class=\"elementor-section elementor-top-section elementor-element elementor-element-7cb2f21c elementor-section-boxed elementor-section-height-default elementor-section-height-default\" data-id=\"7cb2f21c\" data-element_type=\"section\">\n\t\t\t\t\t\t<div class=\"elementor-container elementor-column-gap-default\">\n\t\t\t\t\t<div class=\"elementor-column elementor-col-100 elementor-top-column elementor-element elementor-element-57bfae32 ot-flex-column-vertical\" data-id=\"57bfae32\" data-element_type=\"column\">\n\t\t\t<div class=\"elementor-widget-wrap elementor-element-populated\">\n\t\t\t\t\t\t<div class=\"elementor-element elementor-element-7f9a7f elementor-widget elementor-widget-heading\" data-id=\"7f9a7f\" data-element_type=\"widget\" data-widget_type=\"heading.default\">\n\t\t\t\t<div class=\"elementor-widget-container\">\n\t\t\t\t\t<h5 class=\"elementor-heading-title elementor-size-default\">H\u00e4user in Marina di Campo<\/h5>\t\t\t\t<\/div>\n\t\t\t\t<\/div>\n\t\t\t\t<div class=\"elementor-element elementor-element-5d8a1799 elementor-widget elementor-widget-text-editor\" data-id=\"5d8a1799\" data-element_type=\"widget\" data-widget_type=\"text-editor.default\">\n\t\t\t\t<div class=\"elementor-widget-container\">\n\t\t\t\t\t\t\t\t\t<p><b>Marina di Campo<\/b> ist vielleicht das bekannteste und beliebteste Touristenziel auf Elba, auch dank seines <b>wundersch\u00f6nen Sandstrandes<\/b>, der den gesamten Golf \u00fcber 1,5 km umfasst. Der Strand bietet freie Abschnitte und Abschnitte mit Strandb\u00e4der besetzt, die die wichtigsten Dienstleistungen f\u00fcr Badtouristen anbieten.<\/p><p>Hinter am Strand entlang befinden sich Kiefernwald und die Wohnviertel, von welchen man das Meer auch zu Fu\u00df erreichen kann. Ein langer und panoramischer Spaziergang f\u00fchrt durch einen gro\u00dfen Teil des Golfs bis zum Herzen des Dorfes, wo es alle Dienstleistungen gibt, die ein Tourist ben\u00f6tigt.<\/p>\t\t\t\t\t\t\t\t<\/div>\n\t\t\t\t<\/div>\n\t\t\t\t<div class=\"elementor-element elementor-element-29e11ed9 elementor-align-center elementor-widget elementor-widget-ibutton\" data-id=\"29e11ed9\" data-element_type=\"widget\" data-widget_type=\"ibutton.default\">\n\t\t\t\t<div class=\"elementor-widget-container\">\n\t\t\t\t\t\t\t<div class=\"ot-button\">\r\n\t\t\t<a href=\"https:\/\/www.brunoviaggi.com\/de\/listen?area=2469\" target=\"_blank\" class=\"octf-btn octf-btn-main\">Entdecken Sie alle unsere Angebote f\u00fcr einen Urlaub in Marina di Campo<\/a>\r\n\t    <\/div>\r\n\t    \t\t\t\t<\/div>\n\t\t\t\t<\/div>\n\t\t\t\t<div class=\"elementor-element elementor-element-9cf400a elementor-widget elementor-widget-text-editor\" data-id=\"9cf400a\" data-element_type=\"widget\" data-widget_type=\"text-editor.default\">\n\t\t\t\t<div class=\"elementor-widget-container\">\n\t\t\t\t\t\t\t\t\t<p>Marina di Campo bietet einen <b>aktiven Urlaub<\/b> mit Unterhaltung, in dem sogar das Abendleben in Marina di Campo von den Aperitifstunden bis sp\u00e4t in die Nacht sehr lebhaft ist. Marina di Campo wird von zwei Hauptstra\u00dfen (Via Roma und Via Marconi) durchquert, die sich auf halber Strecke treffen und an deren Seiten sich Boutiquen, Bars, Konditoreien, Basare und verschiedene Gesch\u00e4fte befinden.<\/p>\t\t\t\t\t\t\t\t<\/div>\n\t\t\t\t<\/div>\n\t\t\t\t\t<\/div>\n\t\t<\/div>\n\t\t\t\t\t<\/div>\n\t\t<\/section>\n\t\t\t\t<\/div>\n\t\t","protected":false},"excerpt":{"rendered":"<p>H\u00e4user in Marina di Campo Marina di Campo ist vielleicht das bekannteste und beliebteste Touristenziel auf Elba, auch dank seines wundersch\u00f6nen Sandstrandes, der den gesamten Golf \u00fcber 1,5 km umfasst. Der Strand bietet freie Abschnitte und Abschnitte mit Strandb\u00e4der besetzt, die die wichtigsten Dienstleistungen f\u00fcr Badtouristen anbieten. Hinter am Strand entlang befinden sich Kiefernwald und [&hellip;]<\/p>\n","protected":false},"author":1,"featured_media":0,"parent":2485,"menu_order":5,"comment_status":"closed","ping_status":"closed","template":"","meta":{"footnotes":""},"class_list":["post-2633","page","type-page","status-publish","hentry"],"yoast_head":"<!-- This site is optimized with the Yoast SEO plugin v26.5 - https:\/\/yoast.com\/wordpress\/plugins\/seo\/ -->\n<title>H\u00e4user in Marina di Campo - Agenzia Bruno Viaggi, Insel Elba<\/title>\n<meta name=\"description\" content=\"Marina di Campo ist vielleicht das bekannteste Touristenziel auf Elba, auch dank seines Sandstrandes, der den gesamten Golf \u00fcber 1,5 km umfasst.\" \/>\n<meta name=\"robots\" content=\"index, follow, max-snippet:-1, max-image-preview:large, max-video-preview:-1\" \/>\n<link rel=\"canonical\" href=\"https:\/\/www.brunoviaggi.it\/de\/haeuser-auf-elba\/haeuser-in-marina-di-campo\/\" \/>\n<meta property=\"og:locale\" content=\"de_DE\" \/>\n<meta property=\"og:type\" content=\"article\" \/>\n<meta property=\"og:title\" content=\"H\u00e4user in Marina di Campo - Agenzia Bruno Viaggi, Insel Elba\" \/>\n<meta property=\"og:description\" content=\"Marina di Campo ist vielleicht das bekannteste Touristenziel auf Elba, auch dank seines Sandstrandes, der den gesamten Golf \u00fcber 1,5 km umfasst.\" \/>\n<meta property=\"og:url\" content=\"https:\/\/www.brunoviaggi.it\/de\/haeuser-auf-elba\/haeuser-in-marina-di-campo\/\" \/>\n<meta property=\"og:site_name\" content=\"Agenzia Bruno Viaggi\" \/>\n<meta property=\"article:modified_time\" content=\"2021-04-19T08:14:33+00:00\" \/>\n<meta name=\"twitter:card\" content=\"summary_large_image\" \/>\n<meta name=\"twitter:label1\" content=\"Gesch\u00e4tzte Lesezeit\" \/>\n\t<meta name=\"twitter:data1\" content=\"1\u00a0Minute\" \/>\n<script type=\"application\/ld+json\" class=\"yoast-schema-graph\">{\"@context\":\"https:\/\/schema.org\",\"@graph\":[{\"@type\":\"WebPage\",\"@id\":\"https:\/\/www.brunoviaggi.it\/de\/haeuser-auf-elba\/haeuser-in-marina-di-campo\/\",\"url\":\"https:\/\/www.brunoviaggi.it\/de\/haeuser-auf-elba\/haeuser-in-marina-di-campo\/\",\"name\":\"H\u00e4user in Marina di Campo - Agenzia Bruno Viaggi, Insel Elba\",\"isPartOf\":{\"@id\":\"https:\/\/www.brunoviaggi.it\/de\/#website\"},\"datePublished\":\"2021-03-24T13:24:13+00:00\",\"dateModified\":\"2021-04-19T08:14:33+00:00\",\"description\":\"Marina di Campo ist vielleicht das bekannteste Touristenziel auf Elba, auch dank seines Sandstrandes, der den gesamten Golf \u00fcber 1,5 km umfasst.\",\"breadcrumb\":{\"@id\":\"https:\/\/www.brunoviaggi.it\/de\/haeuser-auf-elba\/haeuser-in-marina-di-campo\/#breadcrumb\"},\"inLanguage\":\"de\",\"potentialAction\":[{\"@type\":\"ReadAction\",\"target\":[\"https:\/\/www.brunoviaggi.it\/de\/haeuser-auf-elba\/haeuser-in-marina-di-campo\/\"]}]},{\"@type\":\"BreadcrumbList\",\"@id\":\"https:\/\/www.brunoviaggi.it\/de\/haeuser-auf-elba\/haeuser-in-marina-di-campo\/#breadcrumb\",\"itemListElement\":[{\"@type\":\"ListItem\",\"position\":1,\"name\":\"Home\",\"item\":\"https:\/\/www.brunoviaggi.it\/de\/home\/\"},{\"@type\":\"ListItem\",\"position\":2,\"name\":\"H\u00e4user auf Elba\",\"item\":\"https:\/\/www.brunoviaggi.it\/de\/haeuser-auf-elba\/\"},{\"@type\":\"ListItem\",\"position\":3,\"name\":\"H\u00e4user in Marina di Campo\"}]},{\"@type\":\"WebSite\",\"@id\":\"https:\/\/www.brunoviaggi.it\/de\/#website\",\"url\":\"https:\/\/www.brunoviaggi.it\/de\/\",\"name\":\"Agenzia Bruno Viaggi\",\"description\":\"Idee per le tue vacanze all&#039;Elba\",\"publisher\":{\"@id\":\"https:\/\/www.brunoviaggi.it\/de\/#organization\"},\"potentialAction\":[{\"@type\":\"SearchAction\",\"target\":{\"@type\":\"EntryPoint\",\"urlTemplate\":\"https:\/\/www.brunoviaggi.it\/de\/?s={search_term_string}\"},\"query-input\":{\"@type\":\"PropertyValueSpecification\",\"valueRequired\":true,\"valueName\":\"search_term_string\"}}],\"inLanguage\":\"de\"},{\"@type\":\"Organization\",\"@id\":\"https:\/\/www.brunoviaggi.it\/de\/#organization\",\"name\":\"Bruno Viaggi\",\"url\":\"https:\/\/www.brunoviaggi.it\/de\/\",\"logo\":{\"@type\":\"ImageObject\",\"inLanguage\":\"de\",\"@id\":\"https:\/\/www.brunoviaggi.it\/de\/#\/schema\/logo\/image\/\",\"url\":\"https:\/\/www.brunoviaggi.it\/wp-content\/uploads\/bruno-viaggi.png\",\"contentUrl\":\"https:\/\/www.brunoviaggi.it\/wp-content\/uploads\/bruno-viaggi.png\",\"width\":340,\"height\":143,\"caption\":\"Bruno Viaggi\"},\"image\":{\"@id\":\"https:\/\/www.brunoviaggi.it\/de\/#\/schema\/logo\/image\/\"}}]}<\/script>\n<!-- \/ Yoast SEO plugin. -->","yoast_head_json":{"title":"H\u00e4user in Marina di Campo - Agenzia Bruno Viaggi, Insel Elba","description":"Marina di Campo ist vielleicht das bekannteste Touristenziel auf Elba, auch dank seines Sandstrandes, der den gesamten Golf \u00fcber 1,5 km umfasst.","robots":{"index":"index","follow":"follow","max-snippet":"max-snippet:-1","max-image-preview":"max-image-preview:large","max-video-preview":"max-video-preview:-1"},"canonical":"https:\/\/www.brunoviaggi.it\/de\/haeuser-auf-elba\/haeuser-in-marina-di-campo\/","og_locale":"de_DE","og_type":"article","og_title":"H\u00e4user in Marina di Campo - Agenzia Bruno Viaggi, Insel Elba","og_description":"Marina di Campo ist vielleicht das bekannteste Touristenziel auf Elba, auch dank seines Sandstrandes, der den gesamten Golf \u00fcber 1,5 km umfasst.","og_url":"https:\/\/www.brunoviaggi.it\/de\/haeuser-auf-elba\/haeuser-in-marina-di-campo\/","og_site_name":"Agenzia Bruno Viaggi","article_modified_time":"2021-04-19T08:14:33+00:00","twitter_card":"summary_large_image","twitter_misc":{"Gesch\u00e4tzte Lesezeit":"1\u00a0Minute"},"schema":{"@context":"https:\/\/schema.org","@graph":[{"@type":"WebPage","@id":"https:\/\/www.brunoviaggi.it\/de\/haeuser-auf-elba\/haeuser-in-marina-di-campo\/","url":"https:\/\/www.brunoviaggi.it\/de\/haeuser-auf-elba\/haeuser-in-marina-di-campo\/","name":"H\u00e4user in Marina di Campo - Agenzia Bruno Viaggi, Insel Elba","isPartOf":{"@id":"https:\/\/www.brunoviaggi.it\/de\/#website"},"datePublished":"2021-03-24T13:24:13+00:00","dateModified":"2021-04-19T08:14:33+00:00","description":"Marina di Campo ist vielleicht das bekannteste Touristenziel auf Elba, auch dank seines Sandstrandes, der den gesamten Golf \u00fcber 1,5 km umfasst.","breadcrumb":{"@id":"https:\/\/www.brunoviaggi.it\/de\/haeuser-auf-elba\/haeuser-in-marina-di-campo\/#breadcrumb"},"inLanguage":"de","potentialAction":[{"@type":"ReadAction","target":["https:\/\/www.brunoviaggi.it\/de\/haeuser-auf-elba\/haeuser-in-marina-di-campo\/"]}]},{"@type":"BreadcrumbList","@id":"https:\/\/www.brunoviaggi.it\/de\/haeuser-auf-elba\/haeuser-in-marina-di-campo\/#breadcrumb","itemListElement":[{"@type":"ListItem","position":1,"name":"Home","item":"https:\/\/www.brunoviaggi.it\/de\/home\/"},{"@type":"ListItem","position":2,"name":"H\u00e4user auf Elba","item":"https:\/\/www.brunoviaggi.it\/de\/haeuser-auf-elba\/"},{"@type":"ListItem","position":3,"name":"H\u00e4user in Marina di Campo"}]},{"@type":"WebSite","@id":"https:\/\/www.brunoviaggi.it\/de\/#website","url":"https:\/\/www.brunoviaggi.it\/de\/","name":"Agenzia Bruno Viaggi","description":"Idee per le tue vacanze all&#039;Elba","publisher":{"@id":"https:\/\/www.brunoviaggi.it\/de\/#organization"},"potentialAction":[{"@type":"SearchAction","target":{"@type":"EntryPoint","urlTemplate":"https:\/\/www.brunoviaggi.it\/de\/?s={search_term_string}"},"query-input":{"@type":"PropertyValueSpecification","valueRequired":true,"valueName":"search_term_string"}}],"inLanguage":"de"},{"@type":"Organization","@id":"https:\/\/www.brunoviaggi.it\/de\/#organization","name":"Bruno Viaggi","url":"https:\/\/www.brunoviaggi.it\/de\/","logo":{"@type":"ImageObject","inLanguage":"de","@id":"https:\/\/www.brunoviaggi.it\/de\/#\/schema\/logo\/image\/","url":"https:\/\/www.brunoviaggi.it\/wp-content\/uploads\/bruno-viaggi.png","contentUrl":"https:\/\/www.brunoviaggi.it\/wp-content\/uploads\/bruno-viaggi.png","width":340,"height":143,"caption":"Bruno Viaggi"},"image":{"@id":"https:\/\/www.brunoviaggi.it\/de\/#\/schema\/logo\/image\/"}}]}},"_links":{"self":[{"href":"https:\/\/www.brunoviaggi.it\/de\/wp-json\/wp\/v2\/pages\/2633","targetHints":{"allow":["GET"]}}],"collection":[{"href":"https:\/\/www.brunoviaggi.it\/de\/wp-json\/wp\/v2\/pages"}],"about":[{"href":"https:\/\/www.brunoviaggi.it\/de\/wp-json\/wp\/v2\/types\/page"}],"author":[{"embeddable":true,"href":"https:\/\/www.brunoviaggi.it\/de\/wp-json\/wp\/v2\/users\/1"}],"replies":[{"embeddable":true,"href":"https:\/\/www.brunoviaggi.it\/de\/wp-json\/wp\/v2\/comments?post=2633"}],"version-history":[{"count":4,"href":"https:\/\/www.brunoviaggi.it\/de\/wp-json\/wp\/v2\/pages\/2633\/revisions"}],"predecessor-version":[{"id":2637,"href":"https:\/\/www.brunoviaggi.it\/de\/wp-json\/wp\/v2\/pages\/2633\/revisions\/2637"}],"up":[{"embeddable":true,"href":"https:\/\/www.brunoviaggi.it\/de\/wp-json\/wp\/v2\/pages\/2485"}],"wp:attachment":[{"href":"https:\/\/www.brunoviaggi.it\/de\/wp-json\/wp\/v2\/media?parent=2633"}],"curies":[{"name":"wp","href":"https:\/\/api.w.org\/{rel}","templated":true}]}}