{"id":2569,"date":"2021-03-24T14:21:08","date_gmt":"2021-03-24T13:21:08","guid":{"rendered":"https:\/\/www.brunoviaggi.it\/haeuser-auf-elba\/case-a-chiessi\/"},"modified":"2021-04-16T17:01:52","modified_gmt":"2021-04-16T15:01:52","slug":"haeuser-in-chiessi","status":"publish","type":"page","link":"https:\/\/www.brunoviaggi.it\/de\/haeuser-auf-elba\/haeuser-in-chiessi\/","title":{"rendered":"H\u00e4user in Chiessi"},"content":{"rendered":"\t\t<div data-elementor-type=\"wp-page\" data-elementor-id=\"2569\" class=\"elementor elementor-2569 elementor-1700\">\n\t\t\t\t\t\t<section class=\"elementor-section elementor-top-section elementor-element elementor-element-407d7064 elementor-section-boxed elementor-section-height-default elementor-section-height-default\" data-id=\"407d7064\" data-element_type=\"section\">\n\t\t\t\t\t\t<div class=\"elementor-container elementor-column-gap-default\">\n\t\t\t\t\t<div class=\"elementor-column elementor-col-100 elementor-top-column elementor-element elementor-element-288708f6 ot-flex-column-vertical\" data-id=\"288708f6\" data-element_type=\"column\">\n\t\t\t<div class=\"elementor-widget-wrap elementor-element-populated\">\n\t\t\t\t\t\t<div class=\"elementor-element elementor-element-38106433 elementor-widget elementor-widget-heading\" data-id=\"38106433\" data-element_type=\"widget\" data-widget_type=\"heading.default\">\n\t\t\t\t<div class=\"elementor-widget-container\">\n\t\t\t\t\t<h5 class=\"elementor-heading-title elementor-size-default\">H\u00e4user in Chiessi<\/h5>\t\t\t\t<\/div>\n\t\t\t\t<\/div>\n\t\t\t\t<div class=\"elementor-element elementor-element-44298e51 elementor-widget elementor-widget-text-editor\" data-id=\"44298e51\" data-element_type=\"widget\" data-widget_type=\"text-editor.default\">\n\t\t\t\t<div class=\"elementor-widget-container\">\n\t\t\t\t\t\t\t\t\t<p>Der Ferienort <b>Chiessi<\/b> liegt an der Westseite von Elba und genau im Zentrum des Abschnitts der <b>Costa del Sole<\/b>. Chiessi ist ein kleines Dorf, das seit dem 19. Jahrhundert besteht und am Fu\u00dfe des Granitmassivs <b>Monte Capanne<\/b> direkt am Meer liegt. Chiessi bietet einen kleinen wei\u00dfen Kieselstrand, hinter dem sich ein sch\u00f6ner Platz aus lokalem Granit befindet, an dem Sie die unsch\u00e4tzbaren Sonnenunterg\u00e4nge \u00fcber dem Meer bewundern k\u00f6nnen.<\/p>\t\t\t\t\t\t\t\t<\/div>\n\t\t\t\t<\/div>\n\t\t\t\t<div class=\"elementor-element elementor-element-42fdd5ec elementor-align-center elementor-widget elementor-widget-ibutton\" data-id=\"42fdd5ec\" data-element_type=\"widget\" data-widget_type=\"ibutton.default\">\n\t\t\t\t<div class=\"elementor-widget-container\">\n\t\t\t\t\t\t\t<div class=\"ot-button\">\r\n\t\t\t<a href=\"https:\/\/www.brunoviaggi.com\/de\/listen?area=1829\" target=\"_blank\" class=\"octf-btn octf-btn-main\">Entdecken Sie alle unsere Angebote f\u00fcr einen Urlaub in Chiessi<\/a>\r\n\t    <\/div>\r\n\t    \t\t\t\t<\/div>\n\t\t\t\t<\/div>\n\t\t\t\t<div class=\"elementor-element elementor-element-484a92e7 elementor-widget elementor-widget-text-editor\" data-id=\"484a92e7\" data-element_type=\"widget\" data-widget_type=\"text-editor.default\">\n\t\t\t\t<div class=\"elementor-widget-container\">\n\t\t\t\t\t\t\t\t\tChiessi ist das ideale Touristenziel f\u00fcr diejenigen, die einen ruhigen Urlaub abseits von Stress in einer ruhigen Umgebung in Kontakt mit der Natur verbringen m\u00f6chten.\t\t\t\t\t\t\t\t<\/div>\n\t\t\t\t<\/div>\n\t\t\t\t\t<\/div>\n\t\t<\/div>\n\t\t\t\t\t<\/div>\n\t\t<\/section>\n\t\t\t\t<\/div>\n\t\t","protected":false},"excerpt":{"rendered":"<p>H\u00e4user in Chiessi Der Ferienort Chiessi liegt an der Westseite von Elba und genau im Zentrum des Abschnitts der Costa del Sole. Chiessi ist ein kleines Dorf, das seit dem 19. Jahrhundert besteht und am Fu\u00dfe des Granitmassivs Monte Capanne direkt am Meer liegt. Chiessi bietet einen kleinen wei\u00dfen Kieselstrand, hinter dem sich ein sch\u00f6ner [&hellip;]<\/p>\n","protected":false},"author":1,"featured_media":0,"parent":2485,"menu_order":4,"comment_status":"closed","ping_status":"closed","template":"","meta":{"footnotes":""},"class_list":["post-2569","page","type-page","status-publish","hentry"],"yoast_head":"<!-- This site is optimized with the Yoast SEO plugin v26.5 - https:\/\/yoast.com\/wordpress\/plugins\/seo\/ -->\n<title>H\u00e4user in Chiessi - Agenzia Bruno Viaggi, Insel Elba<\/title>\n<meta name=\"description\" content=\"Der Ferienort Chiessi liegt an der Westseite von Elba und genau im Zentrum des Abschnitts der Costa del Sole.\" \/>\n<meta name=\"robots\" content=\"index, follow, max-snippet:-1, max-image-preview:large, max-video-preview:-1\" \/>\n<link rel=\"canonical\" href=\"https:\/\/www.brunoviaggi.it\/de\/haeuser-auf-elba\/haeuser-in-chiessi\/\" \/>\n<meta property=\"og:locale\" content=\"de_DE\" \/>\n<meta property=\"og:type\" content=\"article\" \/>\n<meta property=\"og:title\" content=\"H\u00e4user in Chiessi - Agenzia Bruno Viaggi, Insel Elba\" \/>\n<meta property=\"og:description\" content=\"Der Ferienort Chiessi liegt an der Westseite von Elba und genau im Zentrum des Abschnitts der Costa del Sole.\" \/>\n<meta property=\"og:url\" content=\"https:\/\/www.brunoviaggi.it\/de\/haeuser-auf-elba\/haeuser-in-chiessi\/\" \/>\n<meta property=\"og:site_name\" content=\"Agenzia Bruno Viaggi\" \/>\n<meta property=\"article:modified_time\" content=\"2021-04-16T15:01:52+00:00\" \/>\n<meta name=\"twitter:card\" content=\"summary_large_image\" \/>\n<meta name=\"twitter:label1\" content=\"Gesch\u00e4tzte Lesezeit\" \/>\n\t<meta name=\"twitter:data1\" content=\"1\u00a0Minute\" \/>\n<script type=\"application\/ld+json\" class=\"yoast-schema-graph\">{\"@context\":\"https:\/\/schema.org\",\"@graph\":[{\"@type\":\"WebPage\",\"@id\":\"https:\/\/www.brunoviaggi.it\/de\/haeuser-auf-elba\/haeuser-in-chiessi\/\",\"url\":\"https:\/\/www.brunoviaggi.it\/de\/haeuser-auf-elba\/haeuser-in-chiessi\/\",\"name\":\"H\u00e4user in Chiessi - Agenzia Bruno Viaggi, Insel Elba\",\"isPartOf\":{\"@id\":\"https:\/\/www.brunoviaggi.it\/de\/#website\"},\"datePublished\":\"2021-03-24T13:21:08+00:00\",\"dateModified\":\"2021-04-16T15:01:52+00:00\",\"description\":\"Der Ferienort Chiessi liegt an der Westseite von Elba und genau im Zentrum des Abschnitts der Costa del Sole.\",\"breadcrumb\":{\"@id\":\"https:\/\/www.brunoviaggi.it\/de\/haeuser-auf-elba\/haeuser-in-chiessi\/#breadcrumb\"},\"inLanguage\":\"de\",\"potentialAction\":[{\"@type\":\"ReadAction\",\"target\":[\"https:\/\/www.brunoviaggi.it\/de\/haeuser-auf-elba\/haeuser-in-chiessi\/\"]}]},{\"@type\":\"BreadcrumbList\",\"@id\":\"https:\/\/www.brunoviaggi.it\/de\/haeuser-auf-elba\/haeuser-in-chiessi\/#breadcrumb\",\"itemListElement\":[{\"@type\":\"ListItem\",\"position\":1,\"name\":\"Home\",\"item\":\"https:\/\/www.brunoviaggi.it\/de\/home\/\"},{\"@type\":\"ListItem\",\"position\":2,\"name\":\"H\u00e4user auf Elba\",\"item\":\"https:\/\/www.brunoviaggi.it\/de\/haeuser-auf-elba\/\"},{\"@type\":\"ListItem\",\"position\":3,\"name\":\"H\u00e4user in Chiessi\"}]},{\"@type\":\"WebSite\",\"@id\":\"https:\/\/www.brunoviaggi.it\/de\/#website\",\"url\":\"https:\/\/www.brunoviaggi.it\/de\/\",\"name\":\"Agenzia Bruno Viaggi\",\"description\":\"Idee per le tue vacanze all&#039;Elba\",\"publisher\":{\"@id\":\"https:\/\/www.brunoviaggi.it\/de\/#organization\"},\"potentialAction\":[{\"@type\":\"SearchAction\",\"target\":{\"@type\":\"EntryPoint\",\"urlTemplate\":\"https:\/\/www.brunoviaggi.it\/de\/?s={search_term_string}\"},\"query-input\":{\"@type\":\"PropertyValueSpecification\",\"valueRequired\":true,\"valueName\":\"search_term_string\"}}],\"inLanguage\":\"de\"},{\"@type\":\"Organization\",\"@id\":\"https:\/\/www.brunoviaggi.it\/de\/#organization\",\"name\":\"Bruno Viaggi\",\"url\":\"https:\/\/www.brunoviaggi.it\/de\/\",\"logo\":{\"@type\":\"ImageObject\",\"inLanguage\":\"de\",\"@id\":\"https:\/\/www.brunoviaggi.it\/de\/#\/schema\/logo\/image\/\",\"url\":\"https:\/\/www.brunoviaggi.it\/wp-content\/uploads\/bruno-viaggi.png\",\"contentUrl\":\"https:\/\/www.brunoviaggi.it\/wp-content\/uploads\/bruno-viaggi.png\",\"width\":340,\"height\":143,\"caption\":\"Bruno Viaggi\"},\"image\":{\"@id\":\"https:\/\/www.brunoviaggi.it\/de\/#\/schema\/logo\/image\/\"}}]}<\/script>\n<!-- \/ Yoast SEO plugin. -->","yoast_head_json":{"title":"H\u00e4user in Chiessi - Agenzia Bruno Viaggi, Insel Elba","description":"Der Ferienort Chiessi liegt an der Westseite von Elba und genau im Zentrum des Abschnitts der Costa del Sole.","robots":{"index":"index","follow":"follow","max-snippet":"max-snippet:-1","max-image-preview":"max-image-preview:large","max-video-preview":"max-video-preview:-1"},"canonical":"https:\/\/www.brunoviaggi.it\/de\/haeuser-auf-elba\/haeuser-in-chiessi\/","og_locale":"de_DE","og_type":"article","og_title":"H\u00e4user in Chiessi - Agenzia Bruno Viaggi, Insel Elba","og_description":"Der Ferienort Chiessi liegt an der Westseite von Elba und genau im Zentrum des Abschnitts der Costa del Sole.","og_url":"https:\/\/www.brunoviaggi.it\/de\/haeuser-auf-elba\/haeuser-in-chiessi\/","og_site_name":"Agenzia Bruno Viaggi","article_modified_time":"2021-04-16T15:01:52+00:00","twitter_card":"summary_large_image","twitter_misc":{"Gesch\u00e4tzte Lesezeit":"1\u00a0Minute"},"schema":{"@context":"https:\/\/schema.org","@graph":[{"@type":"WebPage","@id":"https:\/\/www.brunoviaggi.it\/de\/haeuser-auf-elba\/haeuser-in-chiessi\/","url":"https:\/\/www.brunoviaggi.it\/de\/haeuser-auf-elba\/haeuser-in-chiessi\/","name":"H\u00e4user in Chiessi - Agenzia Bruno Viaggi, Insel Elba","isPartOf":{"@id":"https:\/\/www.brunoviaggi.it\/de\/#website"},"datePublished":"2021-03-24T13:21:08+00:00","dateModified":"2021-04-16T15:01:52+00:00","description":"Der Ferienort Chiessi liegt an der Westseite von Elba und genau im Zentrum des Abschnitts der Costa del Sole.","breadcrumb":{"@id":"https:\/\/www.brunoviaggi.it\/de\/haeuser-auf-elba\/haeuser-in-chiessi\/#breadcrumb"},"inLanguage":"de","potentialAction":[{"@type":"ReadAction","target":["https:\/\/www.brunoviaggi.it\/de\/haeuser-auf-elba\/haeuser-in-chiessi\/"]}]},{"@type":"BreadcrumbList","@id":"https:\/\/www.brunoviaggi.it\/de\/haeuser-auf-elba\/haeuser-in-chiessi\/#breadcrumb","itemListElement":[{"@type":"ListItem","position":1,"name":"Home","item":"https:\/\/www.brunoviaggi.it\/de\/home\/"},{"@type":"ListItem","position":2,"name":"H\u00e4user auf Elba","item":"https:\/\/www.brunoviaggi.it\/de\/haeuser-auf-elba\/"},{"@type":"ListItem","position":3,"name":"H\u00e4user in Chiessi"}]},{"@type":"WebSite","@id":"https:\/\/www.brunoviaggi.it\/de\/#website","url":"https:\/\/www.brunoviaggi.it\/de\/","name":"Agenzia Bruno Viaggi","description":"Idee per le tue vacanze all&#039;Elba","publisher":{"@id":"https:\/\/www.brunoviaggi.it\/de\/#organization"},"potentialAction":[{"@type":"SearchAction","target":{"@type":"EntryPoint","urlTemplate":"https:\/\/www.brunoviaggi.it\/de\/?s={search_term_string}"},"query-input":{"@type":"PropertyValueSpecification","valueRequired":true,"valueName":"search_term_string"}}],"inLanguage":"de"},{"@type":"Organization","@id":"https:\/\/www.brunoviaggi.it\/de\/#organization","name":"Bruno Viaggi","url":"https:\/\/www.brunoviaggi.it\/de\/","logo":{"@type":"ImageObject","inLanguage":"de","@id":"https:\/\/www.brunoviaggi.it\/de\/#\/schema\/logo\/image\/","url":"https:\/\/www.brunoviaggi.it\/wp-content\/uploads\/bruno-viaggi.png","contentUrl":"https:\/\/www.brunoviaggi.it\/wp-content\/uploads\/bruno-viaggi.png","width":340,"height":143,"caption":"Bruno Viaggi"},"image":{"@id":"https:\/\/www.brunoviaggi.it\/de\/#\/schema\/logo\/image\/"}}]}},"_links":{"self":[{"href":"https:\/\/www.brunoviaggi.it\/de\/wp-json\/wp\/v2\/pages\/2569","targetHints":{"allow":["GET"]}}],"collection":[{"href":"https:\/\/www.brunoviaggi.it\/de\/wp-json\/wp\/v2\/pages"}],"about":[{"href":"https:\/\/www.brunoviaggi.it\/de\/wp-json\/wp\/v2\/types\/page"}],"author":[{"embeddable":true,"href":"https:\/\/www.brunoviaggi.it\/de\/wp-json\/wp\/v2\/users\/1"}],"replies":[{"embeddable":true,"href":"https:\/\/www.brunoviaggi.it\/de\/wp-json\/wp\/v2\/comments?post=2569"}],"version-history":[{"count":7,"href":"https:\/\/www.brunoviaggi.it\/de\/wp-json\/wp\/v2\/pages\/2569\/revisions"}],"predecessor-version":[{"id":2576,"href":"https:\/\/www.brunoviaggi.it\/de\/wp-json\/wp\/v2\/pages\/2569\/revisions\/2576"}],"up":[{"embeddable":true,"href":"https:\/\/www.brunoviaggi.it\/de\/wp-json\/wp\/v2\/pages\/2485"}],"wp:attachment":[{"href":"https:\/\/www.brunoviaggi.it\/de\/wp-json\/wp\/v2\/media?parent=2569"}],"curies":[{"name":"wp","href":"https:\/\/api.w.org\/{rel}","templated":true}]}}