{"id":2544,"date":"2021-03-24T14:14:08","date_gmt":"2021-03-24T13:14:08","guid":{"rendered":"https:\/\/www.brunoviaggi.it\/haeuser-auf-elba\/case-a-fetovaia\/"},"modified":"2021-04-16T16:49:37","modified_gmt":"2021-04-16T14:49:37","slug":"haeuser-in-fetovaia","status":"publish","type":"page","link":"https:\/\/www.brunoviaggi.it\/de\/haeuser-auf-elba\/haeuser-in-fetovaia\/","title":{"rendered":"H\u00e4user in Fetovaia"},"content":{"rendered":"\t\t<div data-elementor-type=\"wp-page\" data-elementor-id=\"2544\" class=\"elementor elementor-2544 elementor-1689\">\n\t\t\t\t\t\t<section class=\"elementor-section elementor-top-section elementor-element elementor-element-5b116fbd elementor-section-boxed elementor-section-height-default elementor-section-height-default\" data-id=\"5b116fbd\" data-element_type=\"section\">\n\t\t\t\t\t\t<div class=\"elementor-container elementor-column-gap-default\">\n\t\t\t\t\t<div class=\"elementor-column elementor-col-100 elementor-top-column elementor-element elementor-element-26de74be ot-flex-column-vertical\" data-id=\"26de74be\" data-element_type=\"column\">\n\t\t\t<div class=\"elementor-widget-wrap elementor-element-populated\">\n\t\t\t\t\t\t<div class=\"elementor-element elementor-element-1af2f303 elementor-widget elementor-widget-heading\" data-id=\"1af2f303\" data-element_type=\"widget\" data-widget_type=\"heading.default\">\n\t\t\t\t<div class=\"elementor-widget-container\">\n\t\t\t\t\t<h5 class=\"elementor-heading-title elementor-size-default\">H\u00e4user in Fetovaia<\/h5>\t\t\t\t<\/div>\n\t\t\t\t<\/div>\n\t\t\t\t<div class=\"elementor-element elementor-element-24defa62 elementor-widget elementor-widget-text-editor\" data-id=\"24defa62\" data-element_type=\"widget\" data-widget_type=\"text-editor.default\">\n\t\t\t\t<div class=\"elementor-widget-container\">\n\t\t\t\t\t\t\t\t\t<p>Diejenigen, die in den <b>Urlaub nach Elba<\/b> kommen, d\u00fcrfen es nicht verpassen die wundersch\u00f6ne <b>Bucht von Fetovaia<\/b> zu besuchen. Es gibt keinen Touristen, der nicht anh\u00e4lt, um ein Foto zu machen. Fetovaia gilt als eine der sch\u00f6nsten Buchten und Str\u00e4nde Europas und ist ein bezaubernder Badeort an der Westk\u00fcste von Elba, auch bekannt als <b>Costa del Sole<\/b>.<\/p><p>Der wundersch\u00f6ne goldene Sandstrand, der mit Strandb\u00e4der ausgestattet, aber auch freie Bereiche bietet, wird von einer langen felsigen und \u00fcppig bewachsenen Landzunge gesch\u00fctzt, die sich in Richtung Meer erstreckt.<\/p>\t\t\t\t\t\t\t\t<\/div>\n\t\t\t\t<\/div>\n\t\t\t\t<div class=\"elementor-element elementor-element-40c8beec elementor-align-center elementor-widget elementor-widget-ibutton\" data-id=\"40c8beec\" data-element_type=\"widget\" data-widget_type=\"ibutton.default\">\n\t\t\t\t<div class=\"elementor-widget-container\">\n\t\t\t\t\t\t\t<div class=\"ot-button\">\r\n\t\t\t<a href=\"https:\/\/www.brunoviaggi.com\/de\/listen?area=1827\" target=\"_blank\" class=\"octf-btn octf-btn-main\">Entdecken Sie alle unsere Angebote f\u00fcr einen Urlaub in Fetovaia<\/a>\r\n\t    <\/div>\r\n\t    \t\t\t\t<\/div>\n\t\t\t\t<\/div>\n\t\t\t\t<div class=\"elementor-element elementor-element-682726bb elementor-widget elementor-widget-text-editor\" data-id=\"682726bb\" data-element_type=\"widget\" data-widget_type=\"text-editor.default\">\n\t\t\t\t<div class=\"elementor-widget-container\">\n\t\t\t\t\t\t\t\t\t<p>Neben dem Strandb\u00e4derservice gibt es am Strand auch Bars, Restaurants, Basare, Zeitungsl\u00e4den und Tabakl\u00e4den. Etwa 3 km entfernt finden Sie das gr\u00f6\u00dfere Dorf Seccheto, welches Sie auch mit einem sch\u00f6nen Panorama-Spaziergang erreichen k\u00f6nnen.<\/p><p>In der N\u00e4he von Fetovaia gibt es auch ausgestattete und ausgeschilderte Routen zum Klettern sowie zahlreiche Wege zum Wandern oder Radfahren. Fetovaia ist das ideale Reiseziel f\u00fcr Touristen, die einen erholsamen Urlaub in Kontakt mit der Natur verbringen m\u00f6chten, umgeben von den wechselnden Farben des wundersch\u00f6nen Meeres.<\/p>\t\t\t\t\t\t\t\t<\/div>\n\t\t\t\t<\/div>\n\t\t\t\t\t<\/div>\n\t\t<\/div>\n\t\t\t\t\t<\/div>\n\t\t<\/section>\n\t\t\t\t<\/div>\n\t\t","protected":false},"excerpt":{"rendered":"<p>H\u00e4user in Fetovaia Diejenigen, die in den Urlaub nach Elba kommen, d\u00fcrfen es nicht verpassen die wundersch\u00f6ne Bucht von Fetovaia zu besuchen. Es gibt keinen Touristen, der nicht anh\u00e4lt, um ein Foto zu machen. Fetovaia gilt als eine der sch\u00f6nsten Buchten und Str\u00e4nde Europas und ist ein bezaubernder Badeort an der Westk\u00fcste von Elba, auch [&hellip;]<\/p>\n","protected":false},"author":1,"featured_media":0,"parent":2485,"menu_order":3,"comment_status":"closed","ping_status":"closed","template":"","meta":{"footnotes":""},"class_list":["post-2544","page","type-page","status-publish","hentry"],"yoast_head":"<!-- This site is optimized with the Yoast SEO plugin v26.5 - https:\/\/yoast.com\/wordpress\/plugins\/seo\/ -->\n<title>H\u00e4user in Fetovaia - Agenzia Bruno Viaggi, Insel Elba<\/title>\n<meta name=\"description\" content=\"Es gibt keinen Touristen, der nicht anh\u00e4lt, um ein Foto zu machen. Fetovaia gilt als eine der sch\u00f6nsten Buchten und Str\u00e4nde Europas.\" \/>\n<meta name=\"robots\" content=\"index, follow, max-snippet:-1, max-image-preview:large, max-video-preview:-1\" \/>\n<link rel=\"canonical\" href=\"https:\/\/www.brunoviaggi.it\/de\/haeuser-auf-elba\/haeuser-in-fetovaia\/\" \/>\n<meta property=\"og:locale\" content=\"de_DE\" \/>\n<meta property=\"og:type\" content=\"article\" \/>\n<meta property=\"og:title\" content=\"H\u00e4user in Fetovaia - Agenzia Bruno Viaggi, Insel Elba\" \/>\n<meta property=\"og:description\" content=\"Es gibt keinen Touristen, der nicht anh\u00e4lt, um ein Foto zu machen. Fetovaia gilt als eine der sch\u00f6nsten Buchten und Str\u00e4nde Europas.\" \/>\n<meta property=\"og:url\" content=\"https:\/\/www.brunoviaggi.it\/de\/haeuser-auf-elba\/haeuser-in-fetovaia\/\" \/>\n<meta property=\"og:site_name\" content=\"Agenzia Bruno Viaggi\" \/>\n<meta property=\"article:modified_time\" content=\"2021-04-16T14:49:37+00:00\" \/>\n<meta name=\"twitter:card\" content=\"summary_large_image\" \/>\n<meta name=\"twitter:label1\" content=\"Gesch\u00e4tzte Lesezeit\" \/>\n\t<meta name=\"twitter:data1\" content=\"1\u00a0Minute\" \/>\n<script type=\"application\/ld+json\" class=\"yoast-schema-graph\">{\"@context\":\"https:\/\/schema.org\",\"@graph\":[{\"@type\":\"WebPage\",\"@id\":\"https:\/\/www.brunoviaggi.it\/de\/haeuser-auf-elba\/haeuser-in-fetovaia\/\",\"url\":\"https:\/\/www.brunoviaggi.it\/de\/haeuser-auf-elba\/haeuser-in-fetovaia\/\",\"name\":\"H\u00e4user in Fetovaia - Agenzia Bruno Viaggi, Insel Elba\",\"isPartOf\":{\"@id\":\"https:\/\/www.brunoviaggi.it\/de\/#website\"},\"datePublished\":\"2021-03-24T13:14:08+00:00\",\"dateModified\":\"2021-04-16T14:49:37+00:00\",\"description\":\"Es gibt keinen Touristen, der nicht anh\u00e4lt, um ein Foto zu machen. Fetovaia gilt als eine der sch\u00f6nsten Buchten und Str\u00e4nde Europas.\",\"breadcrumb\":{\"@id\":\"https:\/\/www.brunoviaggi.it\/de\/haeuser-auf-elba\/haeuser-in-fetovaia\/#breadcrumb\"},\"inLanguage\":\"de\",\"potentialAction\":[{\"@type\":\"ReadAction\",\"target\":[\"https:\/\/www.brunoviaggi.it\/de\/haeuser-auf-elba\/haeuser-in-fetovaia\/\"]}]},{\"@type\":\"BreadcrumbList\",\"@id\":\"https:\/\/www.brunoviaggi.it\/de\/haeuser-auf-elba\/haeuser-in-fetovaia\/#breadcrumb\",\"itemListElement\":[{\"@type\":\"ListItem\",\"position\":1,\"name\":\"Home\",\"item\":\"https:\/\/www.brunoviaggi.it\/de\/home\/\"},{\"@type\":\"ListItem\",\"position\":2,\"name\":\"H\u00e4user auf Elba\",\"item\":\"https:\/\/www.brunoviaggi.it\/de\/haeuser-auf-elba\/\"},{\"@type\":\"ListItem\",\"position\":3,\"name\":\"H\u00e4user in Fetovaia\"}]},{\"@type\":\"WebSite\",\"@id\":\"https:\/\/www.brunoviaggi.it\/de\/#website\",\"url\":\"https:\/\/www.brunoviaggi.it\/de\/\",\"name\":\"Agenzia Bruno Viaggi\",\"description\":\"Idee per le tue vacanze all&#039;Elba\",\"publisher\":{\"@id\":\"https:\/\/www.brunoviaggi.it\/de\/#organization\"},\"potentialAction\":[{\"@type\":\"SearchAction\",\"target\":{\"@type\":\"EntryPoint\",\"urlTemplate\":\"https:\/\/www.brunoviaggi.it\/de\/?s={search_term_string}\"},\"query-input\":{\"@type\":\"PropertyValueSpecification\",\"valueRequired\":true,\"valueName\":\"search_term_string\"}}],\"inLanguage\":\"de\"},{\"@type\":\"Organization\",\"@id\":\"https:\/\/www.brunoviaggi.it\/de\/#organization\",\"name\":\"Bruno Viaggi\",\"url\":\"https:\/\/www.brunoviaggi.it\/de\/\",\"logo\":{\"@type\":\"ImageObject\",\"inLanguage\":\"de\",\"@id\":\"https:\/\/www.brunoviaggi.it\/de\/#\/schema\/logo\/image\/\",\"url\":\"https:\/\/www.brunoviaggi.it\/wp-content\/uploads\/bruno-viaggi.png\",\"contentUrl\":\"https:\/\/www.brunoviaggi.it\/wp-content\/uploads\/bruno-viaggi.png\",\"width\":340,\"height\":143,\"caption\":\"Bruno Viaggi\"},\"image\":{\"@id\":\"https:\/\/www.brunoviaggi.it\/de\/#\/schema\/logo\/image\/\"}}]}<\/script>\n<!-- \/ Yoast SEO plugin. -->","yoast_head_json":{"title":"H\u00e4user in Fetovaia - Agenzia Bruno Viaggi, Insel Elba","description":"Es gibt keinen Touristen, der nicht anh\u00e4lt, um ein Foto zu machen. Fetovaia gilt als eine der sch\u00f6nsten Buchten und Str\u00e4nde Europas.","robots":{"index":"index","follow":"follow","max-snippet":"max-snippet:-1","max-image-preview":"max-image-preview:large","max-video-preview":"max-video-preview:-1"},"canonical":"https:\/\/www.brunoviaggi.it\/de\/haeuser-auf-elba\/haeuser-in-fetovaia\/","og_locale":"de_DE","og_type":"article","og_title":"H\u00e4user in Fetovaia - Agenzia Bruno Viaggi, Insel Elba","og_description":"Es gibt keinen Touristen, der nicht anh\u00e4lt, um ein Foto zu machen. Fetovaia gilt als eine der sch\u00f6nsten Buchten und Str\u00e4nde Europas.","og_url":"https:\/\/www.brunoviaggi.it\/de\/haeuser-auf-elba\/haeuser-in-fetovaia\/","og_site_name":"Agenzia Bruno Viaggi","article_modified_time":"2021-04-16T14:49:37+00:00","twitter_card":"summary_large_image","twitter_misc":{"Gesch\u00e4tzte Lesezeit":"1\u00a0Minute"},"schema":{"@context":"https:\/\/schema.org","@graph":[{"@type":"WebPage","@id":"https:\/\/www.brunoviaggi.it\/de\/haeuser-auf-elba\/haeuser-in-fetovaia\/","url":"https:\/\/www.brunoviaggi.it\/de\/haeuser-auf-elba\/haeuser-in-fetovaia\/","name":"H\u00e4user in Fetovaia - Agenzia Bruno Viaggi, Insel Elba","isPartOf":{"@id":"https:\/\/www.brunoviaggi.it\/de\/#website"},"datePublished":"2021-03-24T13:14:08+00:00","dateModified":"2021-04-16T14:49:37+00:00","description":"Es gibt keinen Touristen, der nicht anh\u00e4lt, um ein Foto zu machen. Fetovaia gilt als eine der sch\u00f6nsten Buchten und Str\u00e4nde Europas.","breadcrumb":{"@id":"https:\/\/www.brunoviaggi.it\/de\/haeuser-auf-elba\/haeuser-in-fetovaia\/#breadcrumb"},"inLanguage":"de","potentialAction":[{"@type":"ReadAction","target":["https:\/\/www.brunoviaggi.it\/de\/haeuser-auf-elba\/haeuser-in-fetovaia\/"]}]},{"@type":"BreadcrumbList","@id":"https:\/\/www.brunoviaggi.it\/de\/haeuser-auf-elba\/haeuser-in-fetovaia\/#breadcrumb","itemListElement":[{"@type":"ListItem","position":1,"name":"Home","item":"https:\/\/www.brunoviaggi.it\/de\/home\/"},{"@type":"ListItem","position":2,"name":"H\u00e4user auf Elba","item":"https:\/\/www.brunoviaggi.it\/de\/haeuser-auf-elba\/"},{"@type":"ListItem","position":3,"name":"H\u00e4user in Fetovaia"}]},{"@type":"WebSite","@id":"https:\/\/www.brunoviaggi.it\/de\/#website","url":"https:\/\/www.brunoviaggi.it\/de\/","name":"Agenzia Bruno Viaggi","description":"Idee per le tue vacanze all&#039;Elba","publisher":{"@id":"https:\/\/www.brunoviaggi.it\/de\/#organization"},"potentialAction":[{"@type":"SearchAction","target":{"@type":"EntryPoint","urlTemplate":"https:\/\/www.brunoviaggi.it\/de\/?s={search_term_string}"},"query-input":{"@type":"PropertyValueSpecification","valueRequired":true,"valueName":"search_term_string"}}],"inLanguage":"de"},{"@type":"Organization","@id":"https:\/\/www.brunoviaggi.it\/de\/#organization","name":"Bruno Viaggi","url":"https:\/\/www.brunoviaggi.it\/de\/","logo":{"@type":"ImageObject","inLanguage":"de","@id":"https:\/\/www.brunoviaggi.it\/de\/#\/schema\/logo\/image\/","url":"https:\/\/www.brunoviaggi.it\/wp-content\/uploads\/bruno-viaggi.png","contentUrl":"https:\/\/www.brunoviaggi.it\/wp-content\/uploads\/bruno-viaggi.png","width":340,"height":143,"caption":"Bruno Viaggi"},"image":{"@id":"https:\/\/www.brunoviaggi.it\/de\/#\/schema\/logo\/image\/"}}]}},"_links":{"self":[{"href":"https:\/\/www.brunoviaggi.it\/de\/wp-json\/wp\/v2\/pages\/2544","targetHints":{"allow":["GET"]}}],"collection":[{"href":"https:\/\/www.brunoviaggi.it\/de\/wp-json\/wp\/v2\/pages"}],"about":[{"href":"https:\/\/www.brunoviaggi.it\/de\/wp-json\/wp\/v2\/types\/page"}],"author":[{"embeddable":true,"href":"https:\/\/www.brunoviaggi.it\/de\/wp-json\/wp\/v2\/users\/1"}],"replies":[{"embeddable":true,"href":"https:\/\/www.brunoviaggi.it\/de\/wp-json\/wp\/v2\/comments?post=2544"}],"version-history":[{"count":10,"href":"https:\/\/www.brunoviaggi.it\/de\/wp-json\/wp\/v2\/pages\/2544\/revisions"}],"predecessor-version":[{"id":2554,"href":"https:\/\/www.brunoviaggi.it\/de\/wp-json\/wp\/v2\/pages\/2544\/revisions\/2554"}],"up":[{"embeddable":true,"href":"https:\/\/www.brunoviaggi.it\/de\/wp-json\/wp\/v2\/pages\/2485"}],"wp:attachment":[{"href":"https:\/\/www.brunoviaggi.it\/de\/wp-json\/wp\/v2\/media?parent=2544"}],"curies":[{"name":"wp","href":"https:\/\/api.w.org\/{rel}","templated":true}]}}