{"id":2520,"date":"2021-03-24T14:09:24","date_gmt":"2021-03-24T13:09:24","guid":{"rendered":"https:\/\/www.brunoviaggi.it\/haeuser-auf-elba\/case-a-scaglieri\/"},"modified":"2021-04-16T16:38:59","modified_gmt":"2021-04-16T14:38:59","slug":"haeuser-in-scaglieri","status":"publish","type":"page","link":"https:\/\/www.brunoviaggi.it\/de\/haeuser-auf-elba\/haeuser-in-scaglieri\/","title":{"rendered":"H\u00e4user in Scaglieri"},"content":{"rendered":"\t\t<div data-elementor-type=\"wp-page\" data-elementor-id=\"2520\" class=\"elementor elementor-2520 elementor-1682\">\n\t\t\t\t\t\t<section class=\"elementor-section elementor-top-section elementor-element elementor-element-228f4167 elementor-section-boxed elementor-section-height-default elementor-section-height-default\" data-id=\"228f4167\" data-element_type=\"section\">\n\t\t\t\t\t\t<div class=\"elementor-container elementor-column-gap-default\">\n\t\t\t\t\t<div class=\"elementor-column elementor-col-100 elementor-top-column elementor-element elementor-element-64e48c4 ot-flex-column-vertical\" data-id=\"64e48c4\" data-element_type=\"column\">\n\t\t\t<div class=\"elementor-widget-wrap elementor-element-populated\">\n\t\t\t\t\t\t<div class=\"elementor-element elementor-element-3b2ea61d elementor-widget elementor-widget-heading\" data-id=\"3b2ea61d\" data-element_type=\"widget\" data-widget_type=\"heading.default\">\n\t\t\t\t<div class=\"elementor-widget-container\">\n\t\t\t\t\t<h5 class=\"elementor-heading-title elementor-size-default\">H\u00e4user in Scaglieri<\/h5>\t\t\t\t<\/div>\n\t\t\t\t<\/div>\n\t\t\t\t<div class=\"elementor-element elementor-element-701dc771 elementor-widget elementor-widget-text-editor\" data-id=\"701dc771\" data-element_type=\"widget\" data-widget_type=\"text-editor.default\">\n\t\t\t\t<div class=\"elementor-widget-container\">\n\t\t\t\t\t\t\t\t\t<p>Der Weiler <b>Scaglieri<\/b> liegt im <b>Golf von Biodola<\/b>, der sich auf der Nordseite im Zentrum der <b>Insel Elba<\/b> befindet. Scaglieri ist eine Paradiesische Ecke von unvergleichlicher Sch\u00f6nheit, welche einen Strand mit feinem Sand bietet, der sanft in Richtung des kristallklaren Meeres abf\u00e4llt.<\/p><p>Scaglieri ist ein Touristenziel mit unvergleichlichen nat\u00fcrlichen Eigenschaften f\u00fcr Liebhaber von Outdoor-Meersportarten wie Segeln, Surfen und Kanufahren.<\/p>\t\t\t\t\t\t\t\t<\/div>\n\t\t\t\t<\/div>\n\t\t\t\t<div class=\"elementor-element elementor-element-69715eb elementor-align-center elementor-widget elementor-widget-ibutton\" data-id=\"69715eb\" data-element_type=\"widget\" data-widget_type=\"ibutton.default\">\n\t\t\t\t<div class=\"elementor-widget-container\">\n\t\t\t\t\t\t\t<div class=\"ot-button\">\r\n\t\t\t<a href=\"https:\/\/www.brunoviaggi.com\/de\/listen?area=2470\" target=\"_blank\" class=\"octf-btn octf-btn-main\">Entdecken Sie alle unsere Angebote f\u00fcr einen Urlaub in Scaglieri<\/a>\r\n\t    <\/div>\r\n\t    \t\t\t\t<\/div>\n\t\t\t\t<\/div>\n\t\t\t\t<div class=\"elementor-element elementor-element-14a4dd22 elementor-widget elementor-widget-text-editor\" data-id=\"14a4dd22\" data-element_type=\"widget\" data-widget_type=\"text-editor.default\">\n\t\t\t\t<div class=\"elementor-widget-container\">\n\t\t\t\t\t\t\t\t\t<p><b>Scaglieri<\/b> bietet einen kleinen Sandstrand und eine felsige K\u00fcste, die f\u00fcr Badeg\u00e4ste leicht zug\u00e4nglich ist. In Strandn\u00e4he gibt es Restaurants, Bars, M\u00e4rkte, Zeitungsl\u00e4den und Tabakl\u00e4den.<\/p><p>Von Scaglieri aus ist es m\u00f6glich, auf einem kurzen Weg zwischen den Felsen zum gr\u00f6\u00dften und am besten ausgestatteten Strand von <b>Biodola<\/b> zu gehen, der sich \u00fcber etwa 750 Meter erstreckt.<\/p><p>Vom Weiler Scaglieri aus beginnt ein wundersch\u00f6ner Panoramapfad inmitten des mediterranen Gestr\u00fcpps, der bis zum Golf von Viticcio reicht und sich ideal f\u00fcr Trekking oder Spazierg\u00e4nge unter freiem Himmel eignet.<\/p>\t\t\t\t\t\t\t\t<\/div>\n\t\t\t\t<\/div>\n\t\t\t\t\t<\/div>\n\t\t<\/div>\n\t\t\t\t\t<\/div>\n\t\t<\/section>\n\t\t\t\t<\/div>\n\t\t","protected":false},"excerpt":{"rendered":"<p>H\u00e4user in Scaglieri Der Weiler Scaglieri liegt im Golf von Biodola, der sich auf der Nordseite im Zentrum der Insel Elba befindet. Scaglieri ist eine Paradiesische Ecke von unvergleichlicher Sch\u00f6nheit, welche einen Strand mit feinem Sand bietet, der sanft in Richtung des kristallklaren Meeres abf\u00e4llt. Scaglieri ist ein Touristenziel mit unvergleichlichen nat\u00fcrlichen Eigenschaften f\u00fcr Liebhaber [&hellip;]<\/p>\n","protected":false},"author":1,"featured_media":0,"parent":2485,"menu_order":2,"comment_status":"closed","ping_status":"closed","template":"","meta":{"footnotes":""},"class_list":["post-2520","page","type-page","status-publish","hentry"],"yoast_head":"<!-- This site is optimized with the Yoast SEO plugin v26.5 - https:\/\/yoast.com\/wordpress\/plugins\/seo\/ -->\n<title>H\u00e4user in Scaglieri - Agenzia Bruno Viaggi, Insel Elba<\/title>\n<meta name=\"description\" content=\"Der Weiler Scaglieri liegt im Golf von Biodola, der sich auf der Nordseite im Zentrum der Insel Elba befindet.\" \/>\n<meta name=\"robots\" content=\"index, follow, max-snippet:-1, max-image-preview:large, max-video-preview:-1\" \/>\n<link rel=\"canonical\" href=\"https:\/\/www.brunoviaggi.it\/de\/haeuser-auf-elba\/haeuser-in-scaglieri\/\" \/>\n<meta property=\"og:locale\" content=\"de_DE\" \/>\n<meta property=\"og:type\" content=\"article\" \/>\n<meta property=\"og:title\" content=\"H\u00e4user in Scaglieri - Agenzia Bruno Viaggi, Insel Elba\" \/>\n<meta property=\"og:description\" content=\"Der Weiler Scaglieri liegt im Golf von Biodola, der sich auf der Nordseite im Zentrum der Insel Elba befindet.\" \/>\n<meta property=\"og:url\" content=\"https:\/\/www.brunoviaggi.it\/de\/haeuser-auf-elba\/haeuser-in-scaglieri\/\" \/>\n<meta property=\"og:site_name\" content=\"Agenzia Bruno Viaggi\" \/>\n<meta property=\"article:modified_time\" content=\"2021-04-16T14:38:59+00:00\" \/>\n<meta name=\"twitter:card\" content=\"summary_large_image\" \/>\n<meta name=\"twitter:label1\" content=\"Gesch\u00e4tzte Lesezeit\" \/>\n\t<meta name=\"twitter:data1\" content=\"1\u00a0Minute\" \/>\n<script type=\"application\/ld+json\" class=\"yoast-schema-graph\">{\"@context\":\"https:\/\/schema.org\",\"@graph\":[{\"@type\":\"WebPage\",\"@id\":\"https:\/\/www.brunoviaggi.it\/de\/haeuser-auf-elba\/haeuser-in-scaglieri\/\",\"url\":\"https:\/\/www.brunoviaggi.it\/de\/haeuser-auf-elba\/haeuser-in-scaglieri\/\",\"name\":\"H\u00e4user in Scaglieri - Agenzia Bruno Viaggi, Insel Elba\",\"isPartOf\":{\"@id\":\"https:\/\/www.brunoviaggi.it\/de\/#website\"},\"datePublished\":\"2021-03-24T13:09:24+00:00\",\"dateModified\":\"2021-04-16T14:38:59+00:00\",\"description\":\"Der Weiler Scaglieri liegt im Golf von Biodola, der sich auf der Nordseite im Zentrum der Insel Elba befindet.\",\"breadcrumb\":{\"@id\":\"https:\/\/www.brunoviaggi.it\/de\/haeuser-auf-elba\/haeuser-in-scaglieri\/#breadcrumb\"},\"inLanguage\":\"de\",\"potentialAction\":[{\"@type\":\"ReadAction\",\"target\":[\"https:\/\/www.brunoviaggi.it\/de\/haeuser-auf-elba\/haeuser-in-scaglieri\/\"]}]},{\"@type\":\"BreadcrumbList\",\"@id\":\"https:\/\/www.brunoviaggi.it\/de\/haeuser-auf-elba\/haeuser-in-scaglieri\/#breadcrumb\",\"itemListElement\":[{\"@type\":\"ListItem\",\"position\":1,\"name\":\"Home\",\"item\":\"https:\/\/www.brunoviaggi.it\/de\/home\/\"},{\"@type\":\"ListItem\",\"position\":2,\"name\":\"H\u00e4user auf Elba\",\"item\":\"https:\/\/www.brunoviaggi.it\/de\/haeuser-auf-elba\/\"},{\"@type\":\"ListItem\",\"position\":3,\"name\":\"H\u00e4user in Scaglieri\"}]},{\"@type\":\"WebSite\",\"@id\":\"https:\/\/www.brunoviaggi.it\/de\/#website\",\"url\":\"https:\/\/www.brunoviaggi.it\/de\/\",\"name\":\"Agenzia Bruno Viaggi\",\"description\":\"Idee per le tue vacanze all&#039;Elba\",\"publisher\":{\"@id\":\"https:\/\/www.brunoviaggi.it\/de\/#organization\"},\"potentialAction\":[{\"@type\":\"SearchAction\",\"target\":{\"@type\":\"EntryPoint\",\"urlTemplate\":\"https:\/\/www.brunoviaggi.it\/de\/?s={search_term_string}\"},\"query-input\":{\"@type\":\"PropertyValueSpecification\",\"valueRequired\":true,\"valueName\":\"search_term_string\"}}],\"inLanguage\":\"de\"},{\"@type\":\"Organization\",\"@id\":\"https:\/\/www.brunoviaggi.it\/de\/#organization\",\"name\":\"Bruno Viaggi\",\"url\":\"https:\/\/www.brunoviaggi.it\/de\/\",\"logo\":{\"@type\":\"ImageObject\",\"inLanguage\":\"de\",\"@id\":\"https:\/\/www.brunoviaggi.it\/de\/#\/schema\/logo\/image\/\",\"url\":\"https:\/\/www.brunoviaggi.it\/wp-content\/uploads\/bruno-viaggi.png\",\"contentUrl\":\"https:\/\/www.brunoviaggi.it\/wp-content\/uploads\/bruno-viaggi.png\",\"width\":340,\"height\":143,\"caption\":\"Bruno Viaggi\"},\"image\":{\"@id\":\"https:\/\/www.brunoviaggi.it\/de\/#\/schema\/logo\/image\/\"}}]}<\/script>\n<!-- \/ Yoast SEO plugin. -->","yoast_head_json":{"title":"H\u00e4user in Scaglieri - Agenzia Bruno Viaggi, Insel Elba","description":"Der Weiler Scaglieri liegt im Golf von Biodola, der sich auf der Nordseite im Zentrum der Insel Elba befindet.","robots":{"index":"index","follow":"follow","max-snippet":"max-snippet:-1","max-image-preview":"max-image-preview:large","max-video-preview":"max-video-preview:-1"},"canonical":"https:\/\/www.brunoviaggi.it\/de\/haeuser-auf-elba\/haeuser-in-scaglieri\/","og_locale":"de_DE","og_type":"article","og_title":"H\u00e4user in Scaglieri - Agenzia Bruno Viaggi, Insel Elba","og_description":"Der Weiler Scaglieri liegt im Golf von Biodola, der sich auf der Nordseite im Zentrum der Insel Elba befindet.","og_url":"https:\/\/www.brunoviaggi.it\/de\/haeuser-auf-elba\/haeuser-in-scaglieri\/","og_site_name":"Agenzia Bruno Viaggi","article_modified_time":"2021-04-16T14:38:59+00:00","twitter_card":"summary_large_image","twitter_misc":{"Gesch\u00e4tzte Lesezeit":"1\u00a0Minute"},"schema":{"@context":"https:\/\/schema.org","@graph":[{"@type":"WebPage","@id":"https:\/\/www.brunoviaggi.it\/de\/haeuser-auf-elba\/haeuser-in-scaglieri\/","url":"https:\/\/www.brunoviaggi.it\/de\/haeuser-auf-elba\/haeuser-in-scaglieri\/","name":"H\u00e4user in Scaglieri - Agenzia Bruno Viaggi, Insel Elba","isPartOf":{"@id":"https:\/\/www.brunoviaggi.it\/de\/#website"},"datePublished":"2021-03-24T13:09:24+00:00","dateModified":"2021-04-16T14:38:59+00:00","description":"Der Weiler Scaglieri liegt im Golf von Biodola, der sich auf der Nordseite im Zentrum der Insel Elba befindet.","breadcrumb":{"@id":"https:\/\/www.brunoviaggi.it\/de\/haeuser-auf-elba\/haeuser-in-scaglieri\/#breadcrumb"},"inLanguage":"de","potentialAction":[{"@type":"ReadAction","target":["https:\/\/www.brunoviaggi.it\/de\/haeuser-auf-elba\/haeuser-in-scaglieri\/"]}]},{"@type":"BreadcrumbList","@id":"https:\/\/www.brunoviaggi.it\/de\/haeuser-auf-elba\/haeuser-in-scaglieri\/#breadcrumb","itemListElement":[{"@type":"ListItem","position":1,"name":"Home","item":"https:\/\/www.brunoviaggi.it\/de\/home\/"},{"@type":"ListItem","position":2,"name":"H\u00e4user auf Elba","item":"https:\/\/www.brunoviaggi.it\/de\/haeuser-auf-elba\/"},{"@type":"ListItem","position":3,"name":"H\u00e4user in Scaglieri"}]},{"@type":"WebSite","@id":"https:\/\/www.brunoviaggi.it\/de\/#website","url":"https:\/\/www.brunoviaggi.it\/de\/","name":"Agenzia Bruno Viaggi","description":"Idee per le tue vacanze all&#039;Elba","publisher":{"@id":"https:\/\/www.brunoviaggi.it\/de\/#organization"},"potentialAction":[{"@type":"SearchAction","target":{"@type":"EntryPoint","urlTemplate":"https:\/\/www.brunoviaggi.it\/de\/?s={search_term_string}"},"query-input":{"@type":"PropertyValueSpecification","valueRequired":true,"valueName":"search_term_string"}}],"inLanguage":"de"},{"@type":"Organization","@id":"https:\/\/www.brunoviaggi.it\/de\/#organization","name":"Bruno Viaggi","url":"https:\/\/www.brunoviaggi.it\/de\/","logo":{"@type":"ImageObject","inLanguage":"de","@id":"https:\/\/www.brunoviaggi.it\/de\/#\/schema\/logo\/image\/","url":"https:\/\/www.brunoviaggi.it\/wp-content\/uploads\/bruno-viaggi.png","contentUrl":"https:\/\/www.brunoviaggi.it\/wp-content\/uploads\/bruno-viaggi.png","width":340,"height":143,"caption":"Bruno Viaggi"},"image":{"@id":"https:\/\/www.brunoviaggi.it\/de\/#\/schema\/logo\/image\/"}}]}},"_links":{"self":[{"href":"https:\/\/www.brunoviaggi.it\/de\/wp-json\/wp\/v2\/pages\/2520","targetHints":{"allow":["GET"]}}],"collection":[{"href":"https:\/\/www.brunoviaggi.it\/de\/wp-json\/wp\/v2\/pages"}],"about":[{"href":"https:\/\/www.brunoviaggi.it\/de\/wp-json\/wp\/v2\/types\/page"}],"author":[{"embeddable":true,"href":"https:\/\/www.brunoviaggi.it\/de\/wp-json\/wp\/v2\/users\/1"}],"replies":[{"embeddable":true,"href":"https:\/\/www.brunoviaggi.it\/de\/wp-json\/wp\/v2\/comments?post=2520"}],"version-history":[{"count":7,"href":"https:\/\/www.brunoviaggi.it\/de\/wp-json\/wp\/v2\/pages\/2520\/revisions"}],"predecessor-version":[{"id":2527,"href":"https:\/\/www.brunoviaggi.it\/de\/wp-json\/wp\/v2\/pages\/2520\/revisions\/2527"}],"up":[{"embeddable":true,"href":"https:\/\/www.brunoviaggi.it\/de\/wp-json\/wp\/v2\/pages\/2485"}],"wp:attachment":[{"href":"https:\/\/www.brunoviaggi.it\/de\/wp-json\/wp\/v2\/media?parent=2520"}],"curies":[{"name":"wp","href":"https:\/\/api.w.org\/{rel}","templated":true}]}}