{"id":2501,"date":"2021-03-24T10:31:16","date_gmt":"2021-03-24T09:31:16","guid":{"rendered":"https:\/\/www.brunoviaggi.it\/haeuser-auf-elba\/case-a-procchio\/"},"modified":"2021-04-15T17:57:16","modified_gmt":"2021-04-15T15:57:16","slug":"haeuser-in-procchio","status":"publish","type":"page","link":"https:\/\/www.brunoviaggi.it\/de\/haeuser-auf-elba\/haeuser-in-procchio\/","title":{"rendered":"H\u00e4user in Procchio"},"content":{"rendered":"\t\t<div data-elementor-type=\"wp-page\" data-elementor-id=\"2501\" class=\"elementor elementor-2501 elementor-1632\">\n\t\t\t\t\t\t<section class=\"elementor-section elementor-top-section elementor-element elementor-element-685fe159 elementor-section-boxed elementor-section-height-default elementor-section-height-default\" data-id=\"685fe159\" data-element_type=\"section\">\n\t\t\t\t\t\t<div class=\"elementor-container elementor-column-gap-default\">\n\t\t\t\t\t<div class=\"elementor-column elementor-col-100 elementor-top-column elementor-element elementor-element-3dd4615d ot-flex-column-vertical\" data-id=\"3dd4615d\" data-element_type=\"column\">\n\t\t\t<div class=\"elementor-widget-wrap elementor-element-populated\">\n\t\t\t\t\t\t<div class=\"elementor-element elementor-element-621ab9c8 elementor-widget elementor-widget-heading\" data-id=\"621ab9c8\" data-element_type=\"widget\" data-widget_type=\"heading.default\">\n\t\t\t\t<div class=\"elementor-widget-container\">\n\t\t\t\t\t<h5 class=\"elementor-heading-title elementor-size-default\">H\u00e4user in Procchio<\/h5>\t\t\t\t<\/div>\n\t\t\t\t<\/div>\n\t\t\t\t<div class=\"elementor-element elementor-element-59505ecf elementor-widget elementor-widget-text-editor\" data-id=\"59505ecf\" data-element_type=\"widget\" data-widget_type=\"text-editor.default\">\n\t\t\t\t<div class=\"elementor-widget-container\">\n\t\t\t\t\t\t\t\t\t<p><b>Procchio<\/b> ist ein h\u00fcbsches Touristisches D\u00f6rfchen am Meer im Zentrum von Elba an der Nordk\u00fcste. Es bietet einen wundersch\u00f6nen hellen Sandstrand und dieser ist einer der gr\u00f6\u00dften auf Elba. Er erstreckt sich \u00fcber ca. 1 km. Der Strand bietet so wie freie Bereiche also auch Bereiche mit Strandb\u00e4der. Der Strand von Procchio bietet ein wundersch\u00f6nes klares Meer vorallem bei S\u00fcdwind. Es gibt ein Tauchzentrum, einen Bootsverleih und eine Segelschule.<\/p><p><span style=\"font-weight: var( --e-global-typography-text-font-weight );\">Procchio \u00e8 strategicamente collocato al centro dell\u2019Isola d\u2019Elba, che lo rende facilmente raggiungibile da ogni punto dell\u2019Isola. Portoferraio dista soli 10 km, l\u2019aeroporto 4 km ed in meno di 10 minuti di auto si possono raggiungere i pittoreschi paesi di Marina di Campo e Marciana Marina. Vicine sono anche le minori spiagge e calette di Spartaia, Redinoce, Paolina, Sprizze e Bagno<\/span><\/p>\t\t\t\t\t\t\t\t<\/div>\n\t\t\t\t<\/div>\n\t\t\t\t<div class=\"elementor-element elementor-element-d3f173f elementor-align-center elementor-widget elementor-widget-ibutton\" data-id=\"d3f173f\" data-element_type=\"widget\" data-widget_type=\"ibutton.default\">\n\t\t\t\t<div class=\"elementor-widget-container\">\n\t\t\t\t\t\t\t<div class=\"ot-button\">\r\n\t\t\t<a href=\"https:\/\/www.brunoviaggi.com\/de\/listen?area=1896\" target=\"_blank\" class=\"octf-btn octf-btn-main\">Entdecken Sie alle unsere Angebote f\u00fcr einen Urlaub in Procchio<\/a>\r\n\t    <\/div>\r\n\t    \t\t\t\t<\/div>\n\t\t\t\t<\/div>\n\t\t\t\t<div class=\"elementor-element elementor-element-d64fad2 elementor-widget elementor-widget-text-editor\" data-id=\"d64fad2\" data-element_type=\"widget\" data-widget_type=\"text-editor.default\">\n\t\t\t\t<div class=\"elementor-widget-container\">\n\t\t\t\t\t\t\t\t\tF\u00fcr diejenigen, die Procchio als Touristenziel w\u00e4hlen, um einen Urlaub auf Elba zu verbringen, werden vom kleinen, aber gut ausgestatteten Dorf fasziniert sein. Es bietet alles, was der Tourist braucht: Markt, Apotheke, Bank, Post, Tabakh\u00e4ndler, Bars, Restaurants, Pizzerien, Badeanstalten, Spielpl\u00e4tze, Kirchen, Eisdielen, Gesch\u00e4fte, Zeitungsl\u00e4den, Friseure.\t\t\t\t\t\t\t\t<\/div>\n\t\t\t\t<\/div>\n\t\t\t\t<div class=\"elementor-element elementor-element-2fb26a0 elementor-widget elementor-widget-text-editor\" data-id=\"2fb26a0\" data-element_type=\"widget\" data-widget_type=\"text-editor.default\">\n\t\t\t\t<div class=\"elementor-widget-container\">\n\t\t\t\t\t\t\t\t\t<em><strong>Beachten Sie:<\/strong><\/em>\n<ul>\n \t<li>Jeden Donnerstagmorgen findet ein Markt auf dem Parkplatz am Eingang des Dorfes, auf dem Produkte aller Art angeboten werden.<\/li>\n \t<li>W\u00e4hrend der Hochsaison finden zahlreiche Veranstaltungen im Park von Procchio statt, darunter  Dorffeste und M\u00e4rkte.<\/li>\n \t<li>16. August \u2013 San Rocco, Fest des Schutzheiligen und Feuerwerk vom Strand aus sichtbar<\/li>\n<\/ul>\t\t\t\t\t\t\t\t<\/div>\n\t\t\t\t<\/div>\n\t\t\t\t\t<\/div>\n\t\t<\/div>\n\t\t\t\t\t<\/div>\n\t\t<\/section>\n\t\t\t\t<\/div>\n\t\t","protected":false},"excerpt":{"rendered":"<p>H\u00e4user in Procchio Procchio ist ein h\u00fcbsches Touristisches D\u00f6rfchen am Meer im Zentrum von Elba an der Nordk\u00fcste. Es bietet einen wundersch\u00f6nen hellen Sandstrand und dieser ist einer der gr\u00f6\u00dften auf Elba. Er erstreckt sich \u00fcber ca. 1 km. Der Strand bietet so wie freie Bereiche also auch Bereiche mit Strandb\u00e4der. Der Strand von Procchio [&hellip;]<\/p>\n","protected":false},"author":1,"featured_media":0,"parent":2485,"menu_order":1,"comment_status":"closed","ping_status":"closed","template":"","meta":{"footnotes":""},"class_list":["post-2501","page","type-page","status-publish","hentry"],"yoast_head":"<!-- This site is optimized with the Yoast SEO plugin v26.5 - https:\/\/yoast.com\/wordpress\/plugins\/seo\/ -->\n<title>H\u00e4user in Procchio - Agenzia Bruno Viaggi, Insel Elba<\/title>\n<meta name=\"description\" content=\"Procchio ist ein h\u00fcbsches Touristisches D\u00f6rfchen am Meer im Zentrum von Elba an der Nordk\u00fcste. Es bietet einen wundersch\u00f6nen hellen Sandstrand.\" \/>\n<meta name=\"robots\" content=\"index, follow, max-snippet:-1, max-image-preview:large, max-video-preview:-1\" \/>\n<link rel=\"canonical\" href=\"https:\/\/www.brunoviaggi.it\/de\/haeuser-auf-elba\/haeuser-in-procchio\/\" \/>\n<meta property=\"og:locale\" content=\"de_DE\" \/>\n<meta property=\"og:type\" content=\"article\" \/>\n<meta property=\"og:title\" content=\"H\u00e4user in Procchio - Agenzia Bruno Viaggi, Insel Elba\" \/>\n<meta property=\"og:description\" content=\"Procchio ist ein h\u00fcbsches Touristisches D\u00f6rfchen am Meer im Zentrum von Elba an der Nordk\u00fcste. Es bietet einen wundersch\u00f6nen hellen Sandstrand.\" \/>\n<meta property=\"og:url\" content=\"https:\/\/www.brunoviaggi.it\/de\/haeuser-auf-elba\/haeuser-in-procchio\/\" \/>\n<meta property=\"og:site_name\" content=\"Agenzia Bruno Viaggi\" \/>\n<meta property=\"article:modified_time\" content=\"2021-04-15T15:57:16+00:00\" \/>\n<meta name=\"twitter:card\" content=\"summary_large_image\" \/>\n<meta name=\"twitter:label1\" content=\"Gesch\u00e4tzte Lesezeit\" \/>\n\t<meta name=\"twitter:data1\" content=\"2\u00a0Minuten\" \/>\n<script type=\"application\/ld+json\" class=\"yoast-schema-graph\">{\"@context\":\"https:\/\/schema.org\",\"@graph\":[{\"@type\":\"WebPage\",\"@id\":\"https:\/\/www.brunoviaggi.it\/de\/haeuser-auf-elba\/haeuser-in-procchio\/\",\"url\":\"https:\/\/www.brunoviaggi.it\/de\/haeuser-auf-elba\/haeuser-in-procchio\/\",\"name\":\"H\u00e4user in Procchio - Agenzia Bruno Viaggi, Insel Elba\",\"isPartOf\":{\"@id\":\"https:\/\/www.brunoviaggi.it\/de\/#website\"},\"datePublished\":\"2021-03-24T09:31:16+00:00\",\"dateModified\":\"2021-04-15T15:57:16+00:00\",\"description\":\"Procchio ist ein h\u00fcbsches Touristisches D\u00f6rfchen am Meer im Zentrum von Elba an der Nordk\u00fcste. Es bietet einen wundersch\u00f6nen hellen Sandstrand.\",\"breadcrumb\":{\"@id\":\"https:\/\/www.brunoviaggi.it\/de\/haeuser-auf-elba\/haeuser-in-procchio\/#breadcrumb\"},\"inLanguage\":\"de\",\"potentialAction\":[{\"@type\":\"ReadAction\",\"target\":[\"https:\/\/www.brunoviaggi.it\/de\/haeuser-auf-elba\/haeuser-in-procchio\/\"]}]},{\"@type\":\"BreadcrumbList\",\"@id\":\"https:\/\/www.brunoviaggi.it\/de\/haeuser-auf-elba\/haeuser-in-procchio\/#breadcrumb\",\"itemListElement\":[{\"@type\":\"ListItem\",\"position\":1,\"name\":\"Home\",\"item\":\"https:\/\/www.brunoviaggi.it\/de\/home\/\"},{\"@type\":\"ListItem\",\"position\":2,\"name\":\"H\u00e4user auf Elba\",\"item\":\"https:\/\/www.brunoviaggi.it\/de\/haeuser-auf-elba\/\"},{\"@type\":\"ListItem\",\"position\":3,\"name\":\"H\u00e4user in Procchio\"}]},{\"@type\":\"WebSite\",\"@id\":\"https:\/\/www.brunoviaggi.it\/de\/#website\",\"url\":\"https:\/\/www.brunoviaggi.it\/de\/\",\"name\":\"Agenzia Bruno Viaggi\",\"description\":\"Idee per le tue vacanze all&#039;Elba\",\"publisher\":{\"@id\":\"https:\/\/www.brunoviaggi.it\/de\/#organization\"},\"potentialAction\":[{\"@type\":\"SearchAction\",\"target\":{\"@type\":\"EntryPoint\",\"urlTemplate\":\"https:\/\/www.brunoviaggi.it\/de\/?s={search_term_string}\"},\"query-input\":{\"@type\":\"PropertyValueSpecification\",\"valueRequired\":true,\"valueName\":\"search_term_string\"}}],\"inLanguage\":\"de\"},{\"@type\":\"Organization\",\"@id\":\"https:\/\/www.brunoviaggi.it\/de\/#organization\",\"name\":\"Bruno Viaggi\",\"url\":\"https:\/\/www.brunoviaggi.it\/de\/\",\"logo\":{\"@type\":\"ImageObject\",\"inLanguage\":\"de\",\"@id\":\"https:\/\/www.brunoviaggi.it\/de\/#\/schema\/logo\/image\/\",\"url\":\"https:\/\/www.brunoviaggi.it\/wp-content\/uploads\/bruno-viaggi.png\",\"contentUrl\":\"https:\/\/www.brunoviaggi.it\/wp-content\/uploads\/bruno-viaggi.png\",\"width\":340,\"height\":143,\"caption\":\"Bruno Viaggi\"},\"image\":{\"@id\":\"https:\/\/www.brunoviaggi.it\/de\/#\/schema\/logo\/image\/\"}}]}<\/script>\n<!-- \/ Yoast SEO plugin. -->","yoast_head_json":{"title":"H\u00e4user in Procchio - Agenzia Bruno Viaggi, Insel Elba","description":"Procchio ist ein h\u00fcbsches Touristisches D\u00f6rfchen am Meer im Zentrum von Elba an der Nordk\u00fcste. Es bietet einen wundersch\u00f6nen hellen Sandstrand.","robots":{"index":"index","follow":"follow","max-snippet":"max-snippet:-1","max-image-preview":"max-image-preview:large","max-video-preview":"max-video-preview:-1"},"canonical":"https:\/\/www.brunoviaggi.it\/de\/haeuser-auf-elba\/haeuser-in-procchio\/","og_locale":"de_DE","og_type":"article","og_title":"H\u00e4user in Procchio - Agenzia Bruno Viaggi, Insel Elba","og_description":"Procchio ist ein h\u00fcbsches Touristisches D\u00f6rfchen am Meer im Zentrum von Elba an der Nordk\u00fcste. Es bietet einen wundersch\u00f6nen hellen Sandstrand.","og_url":"https:\/\/www.brunoviaggi.it\/de\/haeuser-auf-elba\/haeuser-in-procchio\/","og_site_name":"Agenzia Bruno Viaggi","article_modified_time":"2021-04-15T15:57:16+00:00","twitter_card":"summary_large_image","twitter_misc":{"Gesch\u00e4tzte Lesezeit":"2\u00a0Minuten"},"schema":{"@context":"https:\/\/schema.org","@graph":[{"@type":"WebPage","@id":"https:\/\/www.brunoviaggi.it\/de\/haeuser-auf-elba\/haeuser-in-procchio\/","url":"https:\/\/www.brunoviaggi.it\/de\/haeuser-auf-elba\/haeuser-in-procchio\/","name":"H\u00e4user in Procchio - Agenzia Bruno Viaggi, Insel Elba","isPartOf":{"@id":"https:\/\/www.brunoviaggi.it\/de\/#website"},"datePublished":"2021-03-24T09:31:16+00:00","dateModified":"2021-04-15T15:57:16+00:00","description":"Procchio ist ein h\u00fcbsches Touristisches D\u00f6rfchen am Meer im Zentrum von Elba an der Nordk\u00fcste. Es bietet einen wundersch\u00f6nen hellen Sandstrand.","breadcrumb":{"@id":"https:\/\/www.brunoviaggi.it\/de\/haeuser-auf-elba\/haeuser-in-procchio\/#breadcrumb"},"inLanguage":"de","potentialAction":[{"@type":"ReadAction","target":["https:\/\/www.brunoviaggi.it\/de\/haeuser-auf-elba\/haeuser-in-procchio\/"]}]},{"@type":"BreadcrumbList","@id":"https:\/\/www.brunoviaggi.it\/de\/haeuser-auf-elba\/haeuser-in-procchio\/#breadcrumb","itemListElement":[{"@type":"ListItem","position":1,"name":"Home","item":"https:\/\/www.brunoviaggi.it\/de\/home\/"},{"@type":"ListItem","position":2,"name":"H\u00e4user auf Elba","item":"https:\/\/www.brunoviaggi.it\/de\/haeuser-auf-elba\/"},{"@type":"ListItem","position":3,"name":"H\u00e4user in Procchio"}]},{"@type":"WebSite","@id":"https:\/\/www.brunoviaggi.it\/de\/#website","url":"https:\/\/www.brunoviaggi.it\/de\/","name":"Agenzia Bruno Viaggi","description":"Idee per le tue vacanze all&#039;Elba","publisher":{"@id":"https:\/\/www.brunoviaggi.it\/de\/#organization"},"potentialAction":[{"@type":"SearchAction","target":{"@type":"EntryPoint","urlTemplate":"https:\/\/www.brunoviaggi.it\/de\/?s={search_term_string}"},"query-input":{"@type":"PropertyValueSpecification","valueRequired":true,"valueName":"search_term_string"}}],"inLanguage":"de"},{"@type":"Organization","@id":"https:\/\/www.brunoviaggi.it\/de\/#organization","name":"Bruno Viaggi","url":"https:\/\/www.brunoviaggi.it\/de\/","logo":{"@type":"ImageObject","inLanguage":"de","@id":"https:\/\/www.brunoviaggi.it\/de\/#\/schema\/logo\/image\/","url":"https:\/\/www.brunoviaggi.it\/wp-content\/uploads\/bruno-viaggi.png","contentUrl":"https:\/\/www.brunoviaggi.it\/wp-content\/uploads\/bruno-viaggi.png","width":340,"height":143,"caption":"Bruno Viaggi"},"image":{"@id":"https:\/\/www.brunoviaggi.it\/de\/#\/schema\/logo\/image\/"}}]}},"_links":{"self":[{"href":"https:\/\/www.brunoviaggi.it\/de\/wp-json\/wp\/v2\/pages\/2501","targetHints":{"allow":["GET"]}}],"collection":[{"href":"https:\/\/www.brunoviaggi.it\/de\/wp-json\/wp\/v2\/pages"}],"about":[{"href":"https:\/\/www.brunoviaggi.it\/de\/wp-json\/wp\/v2\/types\/page"}],"author":[{"embeddable":true,"href":"https:\/\/www.brunoviaggi.it\/de\/wp-json\/wp\/v2\/users\/1"}],"replies":[{"embeddable":true,"href":"https:\/\/www.brunoviaggi.it\/de\/wp-json\/wp\/v2\/comments?post=2501"}],"version-history":[{"count":4,"href":"https:\/\/www.brunoviaggi.it\/de\/wp-json\/wp\/v2\/pages\/2501\/revisions"}],"predecessor-version":[{"id":2505,"href":"https:\/\/www.brunoviaggi.it\/de\/wp-json\/wp\/v2\/pages\/2501\/revisions\/2505"}],"up":[{"embeddable":true,"href":"https:\/\/www.brunoviaggi.it\/de\/wp-json\/wp\/v2\/pages\/2485"}],"wp:attachment":[{"href":"https:\/\/www.brunoviaggi.it\/de\/wp-json\/wp\/v2\/media?parent=2501"}],"curies":[{"name":"wp","href":"https:\/\/api.w.org\/{rel}","templated":true}]}}